{"id":1004,"date":"2025-10-27T19:45:17","date_gmt":"2025-10-27T19:45:17","guid":{"rendered":"https:\/\/www.arti-fikir.com\/?page_id=1004"},"modified":"2025-10-27T19:45:18","modified_gmt":"2025-10-27T19:45:18","slug":"sirkuler-no-2025-25-enflasyon-duzeltmesinde-dikkate-alinacak-eylul-aralik-2024-donemi-ortalama-ticari-kredi-faiz-oranlari-belirlenmistir","status":"publish","type":"page","link":"http:\/\/www.arti-fikir.com\/index.php\/sirkuler-no-2025-25-enflasyon-duzeltmesinde-dikkate-alinacak-eylul-aralik-2024-donemi-ortalama-ticari-kredi-faiz-oranlari-belirlenmistir\/","title":{"rendered":"Sirk\u00fcler No: 2025\/25 ENFLASYON D\u00dcZELTMES\u0130NDE D\u0130KKATE ALINACAK EYL\u00dcL-ARALIK 2024 D\u00d6NEM\u0130 ORTALAMA T\u0130CAR\u0130 KRED\u0130 FA\u0130Z ORANLARI BEL\u0130RLENM\u0130\u015eT\u0130R"},"content":{"rendered":"\n<p> <strong>ENFLASYON D\u00dcZELTMES\u0130NDE D\u0130KKATE ALINACAK EYL\u00dcL-ARALIK 2024 D\u00d6NEM\u0130 ORTALAMA T\u0130CAR\u0130 KRED\u0130 FA\u0130Z ORANLARI BEL\u0130RLENM\u0130\u015eT\u0130R<\/strong> <\/p>\n\n\n\n<p>Sirk\u00fcler No: 2025\/25 \u0130stanbul, 14.01.2025<\/p>\n\n\n\n<p>Bilindi\u011fi \u00fczere; Vergi Usul Kanunu (VUK) uyar\u0131nca yap\u0131lacak enflasyon d\u00fczeltmesinde, reel olmayan finansman maliyeti (ROFM) hesab\u0131nda &#8220;Toplam Finansman Maliyeti&#8221; y\u00f6ntemi kullan\u0131labilmektedir<sup><\/sup>. Bu y\u00f6ntemde ROFM, toplam finansman maliyetlerine, ilgili d\u00f6neme ait Y\u0130-\u00dcFE art\u0131\u015f oran\u0131n\u0131n hesap d\u00f6nemine ait ortalama ticari kredi faiz oran\u0131na b\u00f6l\u00fcnmesi sonucunda belirlenen oranlar uygulanmak suretiyle hesaplanmaktad\u0131r<sup><\/sup>.<\/p>\n\n\n\n<p>555 s\u0131ra no&#8217;lu VUK Tebli\u011fine g\u00f6re, s\u00f6z konusu hesaplama a\u015fa\u011f\u0131daki form\u00fclle ifade edilmi\u015ftir<sup><\/sup>:<\/p>\n\n\n\n<figure class=\"wp-block-image size-full\"><img fetchpriority=\"high\" decoding=\"async\" width=\"576\" height=\"92\" src=\"https:\/\/www.arti-fikir.com\/wp-content\/uploads\/2025\/10\/image.png\" alt=\"\" class=\"wp-image-1005\" srcset=\"http:\/\/www.arti-fikir.com\/wp-content\/uploads\/2025\/10\/image.png 576w, http:\/\/www.arti-fikir.com\/wp-content\/uploads\/2025\/10\/image-300x48.png 300w\" sizes=\"(max-width: 576px) 100vw, 576px\" \/><\/figure>\n\n\n\n<p>31.12.2023 tarihli bilan\u00e7olar\u0131n d\u00fczeltme i\u015flemlerinde ROFM ayr\u0131\u015ft\u0131rmas\u0131n\u0131 &#8220;Toplam Finansman Maliyeti&#8221; y\u00f6ntemini esas alarak yapacak olan m\u00fckelleflerin, hesaplamada kullanacaklar\u0131 ortalama ticari kredi faiz oranlar\u0131na 165 s\u0131ra no&#8217;lu Sirk\u00fcler ekinde yer verilmi\u015ftir<sup><\/sup>. S\u00f6z konusu Sirk\u00fclerde, Ocak 2005-Aral\u0131k 2023 d\u00f6nemlerini kapsayan ortalama ticari kredi faiz oranlar\u0131 duyurulmu\u015ftur<sup><\/sup>.<\/p>\n\n\n\n<p>Sirk\u00fclerde; m\u00fckelleflerin ROFM hesaplamalar\u0131nda kullan\u0131lacak ortalama ticari kredi faiz oranlar\u0131n\u0131 uygularken hesap d\u00f6neminin ilk ay\u0131na tekab\u00fcl eden oran\u0131n\u0131 kullanacaklar\u0131 ve sonraki d\u00f6nemlere ili\u015fkin d\u00fczeltmelerde dikkate al\u0131nacak ortalama ticari kredi faiz oranlar\u0131n\u0131n \u0130dare taraf\u0131ndan ilgili d\u00f6nemlerde ayr\u0131ca a\u00e7\u0131klanaca\u011f\u0131 ifade edilmi\u015ftir<sup><\/sup>.<\/p>\n\n\n\n<p>Bu kapsamda, 170 s\u0131ra no&#8217;lu VUK Sirk\u00fcleriyle, Ocak 2024-Haziran 2024 d\u00f6nemlerine ili\u015fkin ortalama ticari kredi faiz oranlar\u0131 ve 175 s\u0131ra no&#8217;lu VUK Sirk\u00fcleriyle, Temmuz 2024-Eyl\u00fcl 2024 d\u00f6nemlerine ili\u015fkin ortalama ticari kredi faiz oranlar\u0131 duyurulmu\u015ftur<sup><\/sup>.<\/p>\n\n\n\n<p>Bu defa, 181 s\u0131ra no&#8217;lu VUK Sirk\u00fcleriyle, Ekim 2024-Aral\u0131k 2024 d\u00f6nemlerine ili\u015fkin ortalama ticari kredi faiz oranlar\u0131 a\u015fa\u011f\u0131daki \u015fekilde belirlenmi\u015ftir<sup><\/sup>:<\/p>\n\n\n\n<p><\/p>\n\n\n\n<figure class=\"wp-block-table\"><table><thead><tr><td>D\u00f6nem<\/td><td>Ortalama Ticari Kredi Faiz Oran\u0131 (%)<\/td><\/tr><\/thead><tbody><tr><td>2024\/Ekim<\/td><td>62,23<\/td><\/tr><tr><td>2024\/Kas\u0131m<\/td><td>62,22<\/td><\/tr><tr><td>2024\/Aral\u0131k<\/td><td>63,53<\/td><\/tr><\/tbody><\/table><\/figure>\n\n\n\n<p><\/p>\n\n\n\n<p>165 s\u0131ra no&#8217;lu VUK Sirk\u00fclerinde belirtildi\u011fi \u00fczere; ROFM hesaplamalar\u0131nda, enflasyon d\u00fczeltmesinin yap\u0131ld\u0131\u011f\u0131 hesap d\u00f6neminin ilk ay\u0131na tekab\u00fcl eden ortalama ticari kredi faiz oranlar\u0131n\u0131n esas al\u0131nmas\u0131 gerekmektedir<sup><\/sup>.<\/p>\n\n\n\n<p>Bu nedenle, 181 s\u0131ra no&#8217;lu VUK Sirk\u00fclerinde belirlenen ve duyurulan bu oranlar hesap d\u00f6nemi takvim y\u0131l\u0131 olan m\u00fckelleflerin enflasyon d\u00fczeltmesi hesaplamalar\u0131n\u0131 ilgilendirmemektedir<sup><\/sup>. Hesap d\u00f6nemi takvim y\u0131l\u0131 olan m\u00fckellefler 2024 y\u0131l\u0131 enflasyon d\u00fczeltmesi hesaplamalar\u0131nda 170 s\u0131ra no&#8217;lu VUK Sirk\u00fclerinde Ocak 2024 ay\u0131 i\u00e7in belirlenen %54,82 oran\u0131n\u0131 kullanacaklard\u0131r<sup><\/sup>. 181 s\u0131ra no&#8217;lu VUK Sirk\u00fclerinde a\u00e7\u0131klanan oranlar ise, kulland\u0131klar\u0131 \u00f6zel hesap d\u00f6neminin ilk ay\u0131 Ekim, Kas\u0131m ve Aral\u0131k ay\u0131 olan m\u00fckellefler i\u00e7in ge\u00e7erli olacakt\u0131r<sup><\/sup>.<\/p>\n\n\n\n<p>Sayg\u0131lar\u0131m\u0131zla <sup><\/sup><\/p>\n","protected":false},"excerpt":{"rendered":"<p>ENFLASYON D\u00dcZELTMES\u0130NDE D\u0130KKATE ALINACAK EYL\u00dcL-ARALIK 2024 D\u00d6NEM\u0130 ORTALAMA T\u0130CAR\u0130 KRED\u0130 FA\u0130Z ORANLARI BEL\u0130RLENM\u0130\u015eT\u0130R Sirk\u00fcler No: 2025\/25 \u0130stanbul, 14.01.2025 Bilindi\u011fi \u00fczere; Vergi Usul Kanunu (VUK) uyar\u0131nca yap\u0131lacak enflasyon d\u00fczeltmesinde, reel olmayan finansman maliyeti (ROFM) hesab\u0131nda &#8220;Toplam Finansman Maliyeti&#8221; y\u00f6ntemi kullan\u0131labilmektedir. Bu y\u00f6ntemde ROFM, toplam finansman maliyetlerine, ilgili d\u00f6neme ait Y\u0130-\u00dcFE art\u0131\u015f oran\u0131n\u0131n hesap d\u00f6nemine ait ortalama&#8230;<\/p>\n","protected":false},"author":3,"featured_media":0,"parent":0,"menu_order":0,"comment_status":"closed","ping_status":"closed","template":"","meta":{"_kad_post_transparent":"","_kad_post_title":"","_kad_post_layout":"","_kad_post_sidebar_id":"","_kad_post_content_style":"","_kad_post_vertical_padding":"","_kad_post_feature":"","_kad_post_feature_position":"","_kad_post_header":false,"_kad_post_footer":false,"_kad_post_classname":"","footnotes":""},"_links":{"self":[{"href":"http:\/\/www.arti-fikir.com\/index.php\/wp-json\/wp\/v2\/pages\/1004"}],"collection":[{"href":"http:\/\/www.arti-fikir.com\/index.php\/wp-json\/wp\/v2\/pages"}],"about":[{"href":"http:\/\/www.arti-fikir.com\/index.php\/wp-json\/wp\/v2\/types\/page"}],"author":[{"embeddable":true,"href":"http:\/\/www.arti-fikir.com\/index.php\/wp-json\/wp\/v2\/users\/3"}],"replies":[{"embeddable":true,"href":"http:\/\/www.arti-fikir.com\/index.php\/wp-json\/wp\/v2\/comments?post=1004"}],"version-history":[{"count":1,"href":"http:\/\/www.arti-fikir.com\/index.php\/wp-json\/wp\/v2\/pages\/1004\/revisions"}],"predecessor-version":[{"id":1006,"href":"http:\/\/www.arti-fikir.com\/index.php\/wp-json\/wp\/v2\/pages\/1004\/revisions\/1006"}],"wp:attachment":[{"href":"http:\/\/www.arti-fikir.com\/index.php\/wp-json\/wp\/v2\/media?parent=1004"}],"curies":[{"name":"wp","href":"https:\/\/api.w.org\/{rel}","templated":true}]}}