{"id":345,"date":"2024-03-20T12:26:37","date_gmt":"2024-03-20T12:26:37","guid":{"rendered":"http:\/\/www.arti-fikir.com\/?page_id=345"},"modified":"2024-03-25T20:47:56","modified_gmt":"2024-03-25T20:47:56","slug":"hizmetlerimiz","status":"publish","type":"page","link":"http:\/\/www.arti-fikir.com\/index.php\/hizmetlerimiz\/","title":{"rendered":"Hizmetlerimiz"},"content":{"rendered":"\t\t<div data-elementor-type=\"wp-page\" data-elementor-id=\"345\" class=\"elementor elementor-345\">\n\t\t\t\t<div class=\"elementor-element elementor-element-248ea54 e-con-full e-flex e-con e-parent\" data-id=\"248ea54\" data-element_type=\"container\" data-settings=\"{&quot;background_background&quot;:&quot;classic&quot;}\">\n\t\t<div class=\"elementor-element elementor-element-6c19642 e-flex e-con-boxed e-con e-child\" data-id=\"6c19642\" data-element_type=\"container\">\n\t\t\t\t\t<div class=\"e-con-inner\">\n\t\t\t\t<div class=\"elementor-element elementor-element-9bdd440 elementor-widget elementor-widget-heading\" data-id=\"9bdd440\" data-element_type=\"widget\" data-widget_type=\"heading.default\">\n\t\t\t\t<div class=\"elementor-widget-container\">\n\t\t\t\t\t<h2 class=\"elementor-heading-title elementor-size-default\">Outsource Hizmetleri<\/h2>\t\t\t\t<\/div>\n\t\t\t\t<\/div>\n\t\t\t\t<div class=\"elementor-element elementor-element-ff521f7 elementor-widget elementor-widget-heading\" data-id=\"ff521f7\" data-element_type=\"widget\" data-widget_type=\"heading.default\">\n\t\t\t\t<div class=\"elementor-widget-container\">\n\t\t\t\t\t<h2 class=\"elementor-heading-title elementor-size-default\">M\u00fc\u015fterilerimize defter tutma, muhasebe dan\u0131\u015fmanl\u0131\u011f\u0131 ve bordrolama hizmetleri sunmaktay\u0131z.<\/h2>\t\t\t\t<\/div>\n\t\t\t\t<\/div>\n\t\t\t\t\t<\/div>\n\t\t\t\t<\/div>\n\t\t\t\t<\/div>\n\t\t<div class=\"elementor-element elementor-element-d2b1c2c e-flex e-con-boxed e-con e-parent\" data-id=\"d2b1c2c\" data-element_type=\"container\">\n\t\t\t\t\t<div class=\"e-con-inner\">\n\t\t<div class=\"elementor-element elementor-element-10c6419 e-con-full e-flex e-con e-child\" data-id=\"10c6419\" data-element_type=\"container\">\n\t\t\t\t<div class=\"elementor-element elementor-element-95f9ffa elementor-widget__width-initial elementor-widget elementor-widget-heading\" data-id=\"95f9ffa\" data-element_type=\"widget\" data-widget_type=\"heading.default\">\n\t\t\t\t<div class=\"elementor-widget-container\">\n\t\t\t\t\t<h2 class=\"elementor-heading-title elementor-size-default\">Konular\u0131nda uzmanla\u015fm\u0131\u015f Art\u0131 Fikir Muhasebe ekibi olarak, Muhasebe ve Mali M\u00fc\u015favirlik hizmetleri kapsam\u0131nda, m\u00fc\u015fterilerimize muhasebe ve finansal raporlama, VUK kapsam\u0131nda beyanname ve bildirgelerinin haz\u0131rlanmas\u0131, muhasebe dan\u0131\u015fmanl\u0131\u011f\u0131, bordrolama, \u015firket kurulu\u015fu ve tescili i\u015flemleri, \u015firket tasfiyesi hizmetlerini  sunmaktay\u0131z.<\/h2>\t\t\t\t<\/div>\n\t\t\t\t<\/div>\n\t\t\t\t<\/div>\n\t\t\t\t\t<\/div>\n\t\t\t\t<\/div>\n\t\t<div class=\"elementor-element elementor-element-3bb0326 e-flex e-con-boxed e-con e-parent\" data-id=\"3bb0326\" data-element_type=\"container\">\n\t\t\t\t\t<div class=\"e-con-inner\">\n\t\t<div class=\"elementor-element elementor-element-1956b47 e-flex e-con-boxed e-con e-child\" data-id=\"1956b47\" data-element_type=\"container\">\n\t\t\t\t\t<div class=\"e-con-inner\">\n\t\t\t\t<div class=\"elementor-element elementor-element-f5d4f6f elementor-widget elementor-widget-heading\" data-id=\"f5d4f6f\" data-element_type=\"widget\" data-widget_type=\"heading.default\">\n\t\t\t\t<div class=\"elementor-widget-container\">\n\t\t\t\t\t<h2 class=\"elementor-heading-title elementor-size-default\"><h3><strong>Muhasebe ve Finansal Hizmetlerimiz<\/strong><\/h3><\/h2>\t\t\t\t<\/div>\n\t\t\t\t<\/div>\n\t\t\t\t\t<\/div>\n\t\t\t\t<\/div>\n\t\t\t\t\t<\/div>\n\t\t\t\t<\/div>\n\t\t<div class=\"elementor-element elementor-element-f490642 e-flex e-con-boxed e-con e-parent\" data-id=\"f490642\" data-element_type=\"container\">\n\t\t\t\t\t<div class=\"e-con-inner\">\n\t\t\t\t<div class=\"elementor-element elementor-element-7c26a77 elementor-widget elementor-widget-text-editor\" data-id=\"7c26a77\" data-element_type=\"widget\" data-widget_type=\"text-editor.default\">\n\t\t\t\t<div class=\"elementor-widget-container\">\n\t\t\t\t\t\t\t\t\t<ul><li>Muhasebe sisteminin kurulmas\u0131 ve hesap plan\u0131n\u0131n olu\u015fturulmas\u0131,<\/li><li>Muhasebe i\u015flemlerinin y\u00fcr\u00fct\u00fclmesi ve resmi defterlerin tutulmas\u0131,\u00a0<\/li><li>Mali tablolar\u0131n (mizan, gelir tablosu, bilan\u00e7o vb.) haz\u0131rlanmas\u0131,<\/li><li>Y\u0131lsonu kapan\u0131\u015f i\u015flemlerinin yap\u0131lmas\u0131,<\/li><li>Denetim s\u00fcre\u00e7lerde mali verilerin denet\u00e7ilere sunulmas\u0131,<\/li><li>Muhasebe ile ilgili di\u011fer idari hizmetlerin temini,<\/li><li>Ge\u00e7ici g\u00f6revle personel istihdam\u0131 ve muhasebe departmanlar\u0131na destek sa\u011flanmas\u0131,<\/li><\/ul>\t\t\t\t\t\t\t\t<\/div>\n\t\t\t\t<\/div>\n\t\t\t\t\t<\/div>\n\t\t\t\t<\/div>\n\t\t<div class=\"elementor-element elementor-element-0b54240 e-flex e-con-boxed e-con e-parent\" data-id=\"0b54240\" data-element_type=\"container\">\n\t\t\t\t\t<div class=\"e-con-inner\">\n\t\t<div class=\"elementor-element elementor-element-177f0d4 e-flex e-con-boxed e-con e-child\" data-id=\"177f0d4\" data-element_type=\"container\">\n\t\t\t\t\t<div class=\"e-con-inner\">\n\t\t\t\t<div class=\"elementor-element elementor-element-d8cd818 elementor-widget elementor-widget-heading\" data-id=\"d8cd818\" data-element_type=\"widget\" data-widget_type=\"heading.default\">\n\t\t\t\t<div class=\"elementor-widget-container\">\n\t\t\t\t\t<h2 class=\"elementor-heading-title elementor-size-default\">Vergi Beyannameleri Hizmetlerimiz\n<\/h2>\t\t\t\t<\/div>\n\t\t\t\t<\/div>\n\t\t\t\t\t<\/div>\n\t\t\t\t<\/div>\n\t\t\t\t\t<\/div>\n\t\t\t\t<\/div>\n\t\t<div class=\"elementor-element elementor-element-7580b97 e-flex e-con-boxed e-con e-parent\" data-id=\"7580b97\" data-element_type=\"container\">\n\t\t\t\t\t<div class=\"e-con-inner\">\n\t\t\t\t<div class=\"elementor-element elementor-element-36302f0 elementor-widget elementor-widget-text-editor\" data-id=\"36302f0\" data-element_type=\"widget\" data-widget_type=\"text-editor.default\">\n\t\t\t\t<div class=\"elementor-widget-container\">\n\t\t\t\t\t\t\t\t\t<ul><li>Y\u0131ll\u0131k vergi takviminin haz\u0131rlanmas\u0131,\u00a0<\/li><li>Ayl\u0131k, \u00dc\u00e7 ayl\u0131k ve Y\u0131ll\u0131k Vergi Beyannamelerinin elektronik ortamda haz\u0131rlan\u0131p, tahakkuk ettirilmesi, (Kurumlar Vergisi, Kesin Mizan, Ge\u00e7ici Vergi, Muhtasar Beyanname, KDV Beyannamesi, Damga Vergisi Beyannamesi, Ba-Bs Formlar\u0131 vb.)<\/li><li>Ayl\u0131k, \u00dc\u00e7 ayl\u0131k ve Y\u0131ll\u0131k Vergi Beyannamelerinin elektronik ortamda verilmesi ve tahakkuk ettirilmesine arac\u0131l\u0131k edilmesi, (Kurumlar Vergisi, Kesin Mizan, Ge\u00e7ici Vergi, Muhtasar Beyanname, KDV Beyannamesi, Damga Vergisi Beyannamesi, Ba-Bs Formlar\u0131 vb.)<\/li><\/ul>\t\t\t\t\t\t\t\t<\/div>\n\t\t\t\t<\/div>\n\t\t\t\t\t<\/div>\n\t\t\t\t<\/div>\n\t\t<div class=\"elementor-element elementor-element-6652f58 e-flex e-con-boxed e-con e-parent\" data-id=\"6652f58\" data-element_type=\"container\">\n\t\t\t\t\t<div class=\"e-con-inner\">\n\t\t<div class=\"elementor-element elementor-element-6f1a715 e-flex e-con-boxed e-con e-child\" data-id=\"6f1a715\" data-element_type=\"container\">\n\t\t\t\t\t<div class=\"e-con-inner\">\n\t\t\t\t<div class=\"elementor-element elementor-element-1225a68 elementor-widget elementor-widget-heading\" data-id=\"1225a68\" data-element_type=\"widget\" data-widget_type=\"heading.default\">\n\t\t\t\t<div class=\"elementor-widget-container\">\n\t\t\t\t\t<h2 class=\"elementor-heading-title elementor-size-default\">SGK ve Bordro Hizmetlerimiz<\/h2>\t\t\t\t<\/div>\n\t\t\t\t<\/div>\n\t\t\t\t\t<\/div>\n\t\t\t\t<\/div>\n\t\t\t\t\t<\/div>\n\t\t\t\t<\/div>\n\t\t<div class=\"elementor-element elementor-element-31c240c e-flex e-con-boxed e-con e-parent\" data-id=\"31c240c\" data-element_type=\"container\">\n\t\t\t\t\t<div class=\"e-con-inner\">\n\t\t\t\t<div class=\"elementor-element elementor-element-1fbd353 elementor-widget elementor-widget-text-editor\" data-id=\"1fbd353\" data-element_type=\"widget\" data-widget_type=\"text-editor.default\">\n\t\t\t\t<div class=\"elementor-widget-container\">\n\t\t\t\t\t\t\t\t\t<ul><li>Personel bordrolar\u0131n\u0131n hesaplamas\u0131<\/li><li>Bordro hesaplamalar\u0131n\u0131n m\u00fc\u015fteri talebi do\u011frultusunda raporlanmas\u0131,\u00a0<\/li><li>\u00dccret bordrolar\u0131n\u0131n m\u00fc\u015fteri talebi do\u011frultusunda kapal\u0131 zarfla iletilmesi,\u00a0<\/li><li>\u0130\u015ften ayr\u0131lan personelin k\u0131dem, ihbar, y\u0131ll\u0131k \u00fccretli izin hesaplamalar\u0131n\u0131n yap\u0131lmas\u0131,\u00a0<\/li><li>\u0130\u015fe giri\u015f veya i\u015ften \u00e7\u0131k\u0131\u015f ile ilgili personelin yasal evraklar\u0131n\u0131n haz\u0131rlanmas\u0131,<\/li><li>Ayl\u0131k SSK bildirgelerinin haz\u0131rlanmas\u0131 ve tahakkuklar\u0131n\u0131n al\u0131nmas\u0131,<\/li><li>Resmi kurumlara verilmesi gereken her t\u00fcrl\u00fc bildirge ve formun haz\u0131rlanmas\u0131,<\/li><\/ul>\t\t\t\t\t\t\t\t<\/div>\n\t\t\t\t<\/div>\n\t\t\t\t\t<\/div>\n\t\t\t\t<\/div>\n\t\t<div class=\"elementor-element elementor-element-9d03e0a e-flex e-con-boxed e-con e-parent\" data-id=\"9d03e0a\" data-element_type=\"container\">\n\t\t\t\t\t<div class=\"e-con-inner\">\n\t\t<div class=\"elementor-element elementor-element-72c5bb7 e-flex e-con-boxed e-con e-child\" data-id=\"72c5bb7\" data-element_type=\"container\">\n\t\t\t\t\t<div class=\"e-con-inner\">\n\t\t\t\t<div class=\"elementor-element elementor-element-5f1abb6 elementor-widget elementor-widget-heading\" data-id=\"5f1abb6\" data-element_type=\"widget\" data-widget_type=\"heading.default\">\n\t\t\t\t<div class=\"elementor-widget-container\">\n\t\t\t\t\t<h2 class=\"elementor-heading-title elementor-size-default\">Muhasebe ve Finansal Hizmetlerimiz<\/h2>\t\t\t\t<\/div>\n\t\t\t\t<\/div>\n\t\t\t\t\t<\/div>\n\t\t\t\t<\/div>\n\t\t\t\t\t<\/div>\n\t\t\t\t<\/div>\n\t\t<div class=\"elementor-element elementor-element-533a5d2 e-flex e-con-boxed e-con e-parent\" data-id=\"533a5d2\" data-element_type=\"container\">\n\t\t\t\t\t<div class=\"e-con-inner\">\n\t\t\t\t<div class=\"elementor-element elementor-element-9f9c2fc elementor-widget elementor-widget-text-editor\" data-id=\"9f9c2fc\" data-element_type=\"widget\" data-widget_type=\"text-editor.default\">\n\t\t\t\t<div class=\"elementor-widget-container\">\n\t\t\t\t\t\t\t\t\t<ul><li>Muhasebe sisteminin kurulmas\u0131 ve hesap plan\u0131n\u0131n olu\u015fturulmas\u0131,<\/li><li>Muhasebe i\u015flemlerinin y\u00fcr\u00fct\u00fclmesi ve resmi defterlerin tutulmas\u0131,\u00a0<\/li><li>Mali tablolar\u0131n (mizan, gelir tablosu, bilan\u00e7o vb.) haz\u0131rlanmas\u0131,<\/li><li>Y\u0131lsonu kapan\u0131\u015f i\u015flemlerinin yap\u0131lmas\u0131,<\/li><li>Denetim s\u00fcre\u00e7lerde mali verilerin denet\u00e7ilere sunulmas\u0131,<\/li><li>Muhasebe ile ilgili di\u011fer idari hizmetlerin temini,<\/li><li>Ge\u00e7ici g\u00f6revle personel istihdam\u0131 ve muhasebe departmanlar\u0131na destek sa\u011flanmas\u0131,<\/li><\/ul>\t\t\t\t\t\t\t\t<\/div>\n\t\t\t\t<\/div>\n\t\t\t\t\t<\/div>\n\t\t\t\t<\/div>\n\t\t<div class=\"elementor-element elementor-element-22c48a8 e-flex e-con-boxed e-con e-parent\" data-id=\"22c48a8\" data-element_type=\"container\">\n\t\t\t\t\t<div class=\"e-con-inner\">\n\t\t<div class=\"elementor-element elementor-element-e6d22e8 e-flex e-con-boxed e-con e-child\" data-id=\"e6d22e8\" data-element_type=\"container\">\n\t\t\t\t\t<div class=\"e-con-inner\">\n\t\t\t\t<div class=\"elementor-element elementor-element-1164a5a elementor-widget elementor-widget-heading\" data-id=\"1164a5a\" data-element_type=\"widget\" data-widget_type=\"heading.default\">\n\t\t\t\t<div class=\"elementor-widget-container\">\n\t\t\t\t\t<h2 class=\"elementor-heading-title elementor-size-default\">Tescil Hizmetlerimiz<\/h2>\t\t\t\t<\/div>\n\t\t\t\t<\/div>\n\t\t\t\t\t<\/div>\n\t\t\t\t<\/div>\n\t\t\t\t\t<\/div>\n\t\t\t\t<\/div>\n\t\t<div class=\"elementor-element elementor-element-b9ec942 e-flex e-con-boxed e-con e-parent\" data-id=\"b9ec942\" data-element_type=\"container\">\n\t\t\t\t\t<div class=\"e-con-inner\">\n\t\t\t\t<div class=\"elementor-element elementor-element-a4bac0b elementor-widget elementor-widget-text-editor\" data-id=\"a4bac0b\" data-element_type=\"widget\" data-widget_type=\"text-editor.default\">\n\t\t\t\t<div class=\"elementor-widget-container\">\n\t\t\t\t\t\t\t\t\t<ul><li>\u015eirket Kurulu\u015f \u0130\u015flemleri (Ticaret Sicil),<\/li><li>Vergi Dairesi a\u00e7\u0131l\u0131\u015f i\u015flemleri,\u00a0<\/li><li>\u0130\u015f yeri SGK tescil ve E-Bildirge \u015fifre i\u015flemleri,\u00a0<\/li><li>Genel Kurul \u0130\u015flemleri,\u00a0<\/li><li>Birle\u015fme, B\u00f6l\u00fcnme, T\u00fcr De\u011fi\u015fikli\u011fi ve Tasfiye i\u015flemleri,\u00a0<\/li><li>Sermaye art\u0131r\u0131m\u0131 \/ Sermaye Azalt\u0131m\u0131 i\u015flemleri,\u00a0<\/li><li>TTK uyar\u0131nca ilgili di\u011fer tescil i\u015flemleri<\/li><\/ul>\t\t\t\t\t\t\t\t<\/div>\n\t\t\t\t<\/div>\n\t\t\t\t\t<\/div>\n\t\t\t\t<\/div>\n\t\t<div class=\"elementor-element elementor-element-0e20439 e-flex e-con-boxed e-con e-parent\" data-id=\"0e20439\" data-element_type=\"container\">\n\t\t\t\t\t<div class=\"e-con-inner\">\n\t\t<div class=\"elementor-element elementor-element-61182df e-flex e-con-boxed e-con e-child\" data-id=\"61182df\" data-element_type=\"container\">\n\t\t\t\t\t<div class=\"e-con-inner\">\n\t\t\t\t<div class=\"elementor-element elementor-element-a225f39 elementor-widget elementor-widget-heading\" data-id=\"a225f39\" data-element_type=\"widget\" data-widget_type=\"heading.default\">\n\t\t\t\t<div class=\"elementor-widget-container\">\n\t\t\t\t\t<h2 class=\"elementor-heading-title elementor-size-default\">Mutabakat Hizmetlerimiz<\/h2>\t\t\t\t<\/div>\n\t\t\t\t<\/div>\n\t\t\t\t\t<\/div>\n\t\t\t\t<\/div>\n\t\t\t\t\t<\/div>\n\t\t\t\t<\/div>\n\t\t<div class=\"elementor-element elementor-element-ba6ebbc e-flex e-con-boxed e-con e-parent\" data-id=\"ba6ebbc\" data-element_type=\"container\">\n\t\t\t\t\t<div class=\"e-con-inner\">\n\t\t\t\t<div class=\"elementor-element elementor-element-c0f4cd2 elementor-widget elementor-widget-text-editor\" data-id=\"c0f4cd2\" data-element_type=\"widget\" data-widget_type=\"text-editor.default\">\n\t\t\t\t<div class=\"elementor-widget-container\">\n\t\t\t\t\t\t\t\t\t<ul><li>Cari hesap ekstrelerinin kar\u015f\u0131la\u015ft\u0131r\u0131larak farklar\u0131n tespit edilmesi.<\/li><li>Mutabakatlarla ilgili uyu\u015fmazl\u0131klar\u0131n \u00e7\u00f6z\u00fcm\u00fc\u00a0<\/li><li>Mutabakat s\u00fcreci tamamlan\u0131p detayl\u0131 rapor sunulmas\u0131<\/li><\/ul>\t\t\t\t\t\t\t\t<\/div>\n\t\t\t\t<\/div>\n\t\t\t\t\t<\/div>\n\t\t\t\t<\/div>\n\t\t\t\t<\/div>\n\t\t","protected":false},"excerpt":{"rendered":"<p>Outsource Hizmetleri M\u00fc\u015fterilerimize defter tutma, muhasebe dan\u0131\u015fmanl\u0131\u011f\u0131 ve bordrolama hizmetleri sunmaktay\u0131z. Konular\u0131nda uzmanla\u015fm\u0131\u015f Art\u0131 Fikir Muhasebe ekibi olarak, Muhasebe ve Mali M\u00fc\u015favirlik hizmetleri kapsam\u0131nda, m\u00fc\u015fterilerimize muhasebe ve finansal raporlama, VUK kapsam\u0131nda beyanname ve bildirgelerinin haz\u0131rlanmas\u0131, muhasebe dan\u0131\u015fmanl\u0131\u011f\u0131, bordrolama, \u015firket kurulu\u015fu ve tescili i\u015flemleri, \u015firket tasfiyesi hizmetlerini sunmaktay\u0131z. Muhasebe ve Finansal Hizmetlerimiz Muhasebe sisteminin kurulmas\u0131 ve&#8230;<\/p>\n","protected":false},"author":1,"featured_media":0,"parent":0,"menu_order":0,"comment_status":"closed","ping_status":"closed","template":"","meta":{"_kad_post_transparent":"","_kad_post_title":"hide","_kad_post_layout":"fullwidth","_kad_post_sidebar_id":"","_kad_post_content_style":"unboxed","_kad_post_vertical_padding":"hide","_kad_post_feature":"hide","_kad_post_feature_position":"","_kad_post_header":false,"_kad_post_footer":false,"_kad_post_classname":"","footnotes":""},"_links":{"self":[{"href":"http:\/\/www.arti-fikir.com\/index.php\/wp-json\/wp\/v2\/pages\/345"}],"collection":[{"href":"http:\/\/www.arti-fikir.com\/index.php\/wp-json\/wp\/v2\/pages"}],"about":[{"href":"http:\/\/www.arti-fikir.com\/index.php\/wp-json\/wp\/v2\/types\/page"}],"author":[{"embeddable":true,"href":"http:\/\/www.arti-fikir.com\/index.php\/wp-json\/wp\/v2\/users\/1"}],"replies":[{"embeddable":true,"href":"http:\/\/www.arti-fikir.com\/index.php\/wp-json\/wp\/v2\/comments?post=345"}],"version-history":[{"count":44,"href":"http:\/\/www.arti-fikir.com\/index.php\/wp-json\/wp\/v2\/pages\/345\/revisions"}],"predecessor-version":[{"id":799,"href":"http:\/\/www.arti-fikir.com\/index.php\/wp-json\/wp\/v2\/pages\/345\/revisions\/799"}],"wp:attachment":[{"href":"http:\/\/www.arti-fikir.com\/index.php\/wp-json\/wp\/v2\/media?parent=345"}],"curies":[{"name":"wp","href":"https:\/\/api.w.org\/{rel}","templated":true}]}}