{"id":370,"date":"2024-03-23T09:32:37","date_gmt":"2024-03-23T09:32:37","guid":{"rendered":"http:\/\/www.arti-fikir.com\/?page_id=370"},"modified":"2024-04-03T22:53:52","modified_gmt":"2024-04-03T22:53:52","slug":"kariyer","status":"publish","type":"page","link":"http:\/\/www.arti-fikir.com\/index.php\/kariyer\/","title":{"rendered":"Kariyer"},"content":{"rendered":"\t\t<div data-elementor-type=\"wp-page\" data-elementor-id=\"370\" class=\"elementor elementor-370\">\n\t\t\t\t<div class=\"elementor-element elementor-element-607b81a e-con-full e-flex e-con e-parent\" data-id=\"607b81a\" data-element_type=\"container\" data-settings=\"{&quot;background_background&quot;:&quot;classic&quot;}\">\n\t\t<div class=\"elementor-element elementor-element-c758170 e-flex e-con-boxed e-con e-child\" data-id=\"c758170\" data-element_type=\"container\">\n\t\t\t\t\t<div class=\"e-con-inner\">\n\t\t\t\t<div class=\"elementor-element elementor-element-d62d569 elementor-widget elementor-widget-heading\" data-id=\"d62d569\" data-element_type=\"widget\" data-widget_type=\"heading.default\">\n\t\t\t\t<div class=\"elementor-widget-container\">\n\t\t\t\t\t<h2 class=\"elementor-heading-title elementor-size-default\">Kariyer<\/h2>\t\t\t\t<\/div>\n\t\t\t\t<\/div>\n\t\t\t\t\t<\/div>\n\t\t\t\t<\/div>\n\t\t\t\t<\/div>\n\t\t<div class=\"elementor-element elementor-element-cd0396d e-con-full e-flex e-con e-parent\" data-id=\"cd0396d\" data-element_type=\"container\">\n\t\t\t\t<div class=\"elementor-element elementor-element-bd847e5 elementor-widget__width-initial elementor-widget elementor-widget-heading\" data-id=\"bd847e5\" data-element_type=\"widget\" data-widget_type=\"heading.default\">\n\t\t\t\t<div class=\"elementor-widget-container\">\n\t\t\t\t\t<h2 class=\"elementor-heading-title elementor-size-default\">Art\u0131 Fikir olarak, uzmanl\u0131k ve ahlaki de\u011ferlere dayal\u0131 bir ekibiz. Y\u00fcksek standartlar\u0131m\u0131z, m\u00fc\u015fteri memnuniyetine verdi\u011fimiz \u00f6nem ve profesyonel yakla\u015f\u0131m\u0131m\u0131zla sekt\u00f6rde \u00f6nc\u00fc bir konumda yer al\u0131yoruz. E\u011fer bu vizyonla uyumluysan\u0131z, sizinle tan\u0131\u015fmak isteriz.<\/h2>\t\t\t\t<\/div>\n\t\t\t\t<\/div>\n\t\t\t\t<\/div>\n\t\t<div class=\"elementor-element elementor-element-5a775a1 e-con-full e-flex e-con e-parent\" data-id=\"5a775a1\" data-element_type=\"container\">\n\t\t\t\t<div class=\"elementor-element elementor-element-60259c6 elementor-widget__width-initial elementor-widget elementor-widget-heading\" data-id=\"60259c6\" data-element_type=\"widget\" data-widget_type=\"heading.default\">\n\t\t\t\t<div class=\"elementor-widget-container\">\n\t\t\t\t\t<h2 class=\"elementor-heading-title elementor-size-default\">Kimiz?<\/h2>\t\t\t\t<\/div>\n\t\t\t\t<\/div>\n\t\t\t\t<\/div>\n\t\t<div class=\"elementor-element elementor-element-a281abf e-con-full e-flex e-con e-parent\" data-id=\"a281abf\" data-element_type=\"container\">\n\t\t\t\t<div class=\"elementor-element elementor-element-8000a84 elementor-widget__width-initial elementor-widget elementor-widget-heading\" data-id=\"8000a84\" data-element_type=\"widget\" data-widget_type=\"heading.default\">\n\t\t\t\t<div class=\"elementor-widget-container\">\n\t\t\t\t\t<h2 class=\"elementor-heading-title elementor-size-default\"><span style=\"text-align: var(--text-align);background-color: transparent\">Alan\u0131nda uzmanla\u015fm\u0131\u015f, m\u00fc\u015fteri odakl\u0131 ve yenilik\u00e7i bir kurulu\u015ftur. M\u00fc\u015fterilerimize stratejik \u00e7\u00f6z\u00fcmler sunarken, profesyonel ekibimizle birlikte her g\u00fcn daha da b\u00fcy\u00fcyoruz.<\/span><\/h2>\t\t\t\t<\/div>\n\t\t\t\t<\/div>\n\t\t\t\t<\/div>\n\t\t<div class=\"elementor-element elementor-element-20997c7 e-con-full e-flex e-con e-parent\" data-id=\"20997c7\" data-element_type=\"container\">\n\t\t\t\t<div class=\"elementor-element elementor-element-9014636 elementor-widget__width-initial elementor-widget elementor-widget-heading\" data-id=\"9014636\" data-element_type=\"widget\" data-widget_type=\"heading.default\">\n\t\t\t\t<div class=\"elementor-widget-container\">\n\t\t\t\t\t<h2 class=\"elementor-heading-title elementor-size-default\">Arad\u0131\u011fm\u0131z Nitelikler:<\/h2>\t\t\t\t<\/div>\n\t\t\t\t<\/div>\n\t\t\t\t<\/div>\n\t\t<div class=\"elementor-element elementor-element-c3ceb54 e-flex e-con-boxed e-con e-parent\" data-id=\"c3ceb54\" data-element_type=\"container\">\n\t\t\t\t\t<div class=\"e-con-inner\">\n\t\t\t\t<div class=\"elementor-element elementor-element-f1d6d9a elementor-widget elementor-widget-text-editor\" data-id=\"f1d6d9a\" data-element_type=\"widget\" data-widget_type=\"text-editor.default\">\n\t\t\t\t<div class=\"elementor-widget-container\">\n\t\t\t\t\t\t\t\t\t<ul><li>Finansal alanda uzmanl\u0131k veya ilgili bir alanda deneyim<\/li><li>Analitik d\u00fc\u015f\u00fcnce yap\u0131s\u0131 ve sorumluluk sahibi olma<\/li><li>\u0130leti\u015fim becerileri ve ekip \u00e7al\u0131\u015fmas\u0131na yatk\u0131nl\u0131k<\/li><li>Yeniliklere ve geli\u015fime a\u00e7\u0131k olma<\/li><\/ul>\t\t\t\t\t\t\t\t<\/div>\n\t\t\t\t<\/div>\n\t\t\t\t\t<\/div>\n\t\t\t\t<\/div>\n\t\t<div class=\"elementor-element elementor-element-3384bb9 e-con-full e-flex e-con e-parent\" data-id=\"3384bb9\" data-element_type=\"container\">\n\t\t\t\t<div class=\"elementor-element elementor-element-cd5e076 elementor-widget__width-initial elementor-widget elementor-widget-heading\" data-id=\"cd5e076\" data-element_type=\"widget\" data-widget_type=\"heading.default\">\n\t\t\t\t<div class=\"elementor-widget-container\">\n\t\t\t\t\t<h2 class=\"elementor-heading-title elementor-size-default\">Ba\u015fvuru S\u00fcreci:<\/h2>\t\t\t\t<\/div>\n\t\t\t\t<\/div>\n\t\t\t\t<\/div>\n\t\t<div class=\"elementor-element elementor-element-181da02 e-con-full e-flex e-con e-parent\" data-id=\"181da02\" data-element_type=\"container\">\n\t\t\t\t<div class=\"elementor-element elementor-element-370551b elementor-widget__width-initial elementor-widget elementor-widget-heading\" data-id=\"370551b\" data-element_type=\"widget\" data-widget_type=\"heading.default\">\n\t\t\t\t<div class=\"elementor-widget-container\">\n\t\t\t\t\t<h2 class=\"elementor-heading-title elementor-size-default\">Ba\u015fvurunuzu bize iletmek i\u00e7in a\u015fa\u011f\u0131daki formu doldurabilir ve \u00f6zge\u00e7mi\u015finizi ekleyebilirsiniz. Ba\u015fvurular\u0131n\u0131z, uzmanl\u0131k alanlar\u0131n\u0131za uygun pozisyonlar olu\u015fturdu\u011fumuzda de\u011ferlendirilecektir.<\/h2>\t\t\t\t<\/div>\n\t\t\t\t<\/div>\n\t\t\t\t<\/div>\n\t\t<div class=\"elementor-element elementor-element-939b648 e-con-full e-flex e-con e-parent\" data-id=\"939b648\" data-element_type=\"container\">\n\t\t\t\t<div class=\"elementor-element elementor-element-d90d304 elementor-widget__width-initial elementor-widget elementor-widget-heading\" data-id=\"d90d304\" data-element_type=\"widget\" data-widget_type=\"heading.default\">\n\t\t\t\t<div class=\"elementor-widget-container\">\n\t\t\t\t\t<h2 class=\"elementor-heading-title elementor-size-default\">Her bir \u00e7al\u0131\u015fan\u0131m\u0131z\u0131n kariyer yolculu\u011funu desteklemek ve geli\u015ftirmek amac\u0131nday\u0131z. E\u011fer bizimle birlikte bu yolda ilerlemek istiyorsan\u0131z, ba\u015fvurunuzu bekliyoruz.<\/h2>\t\t\t\t<\/div>\n\t\t\t\t<\/div>\n\t\t\t\t<\/div>\n\t\t<div class=\"elementor-element elementor-element-7de2055 e-con-full e-flex e-con e-parent\" data-id=\"7de2055\" data-element_type=\"container\">\n\t\t<div class=\"elementor-element elementor-element-f2f0c92 e-con-full e-flex e-con e-child\" data-id=\"f2f0c92\" data-element_type=\"container\">\n\t\t<div class=\"elementor-element elementor-element-9c767f4 e-con-full e-flex e-con e-child\" data-id=\"9c767f4\" data-element_type=\"container\">\n\t\t\t\t<div class=\"elementor-element elementor-element-a98d885 elementor-widget__width-initial elementor-widget elementor-widget-image\" data-id=\"a98d885\" data-element_type=\"widget\" data-widget_type=\"image.default\">\n\t\t\t\t<div class=\"elementor-widget-container\">\n\t\t\t\t\t\t\t\t\t\t\t\t\t\t\t<img fetchpriority=\"high\" decoding=\"async\" width=\"1024\" height=\"899\" src=\"http:\/\/www.arti-fikir.com\/wp-content\/uploads\/2024\/03\/gorsel-site-icin-1234-1024x899.jpg\" class=\"attachment-large size-large wp-image-422\" alt=\"\" srcset=\"http:\/\/www.arti-fikir.com\/wp-content\/uploads\/2024\/03\/gorsel-site-icin-1234-1024x899.jpg 1024w, http:\/\/www.arti-fikir.com\/wp-content\/uploads\/2024\/03\/gorsel-site-icin-1234-300x263.jpg 300w, http:\/\/www.arti-fikir.com\/wp-content\/uploads\/2024\/03\/gorsel-site-icin-1234-768x674.jpg 768w, http:\/\/www.arti-fikir.com\/wp-content\/uploads\/2024\/03\/gorsel-site-icin-1234-1536x1349.jpg 1536w, http:\/\/www.arti-fikir.com\/wp-content\/uploads\/2024\/03\/gorsel-site-icin-1234-2048x1798.jpg 2048w\" sizes=\"(max-width: 1024px) 100vw, 1024px\" \/>\t\t\t\t\t\t\t\t\t\t\t\t\t\t\t<\/div>\n\t\t\t\t<\/div>\n\t\t\t\t<\/div>\n\t\t\t\t<\/div>\n\t\t<div class=\"elementor-element elementor-element-9fd8402 e-con-full e-flex e-con e-child\" data-id=\"9fd8402\" data-element_type=\"container\">\n\t\t\t\t<div class=\"elementor-element elementor-element-1daa004 elementor-widget__width-initial elementor-invisible elementor-widget elementor-widget-shortcode\" data-id=\"1daa004\" data-element_type=\"widget\" data-settings=\"{&quot;_animation&quot;:&quot;zoomIn&quot;}\" data-widget_type=\"shortcode.default\">\n\t\t\t\t<div class=\"elementor-widget-container\">\n\t\t\t\t\t\t\t<div class=\"elementor-shortcode\">\n<div class=\"wpcf7 no-js\" id=\"wpcf7-f392-o1\" lang=\"tr-TR\" dir=\"ltr\">\n<div class=\"screen-reader-response\"><p role=\"status\" aria-live=\"polite\" aria-atomic=\"true\"><\/p> <ul><\/ul><\/div>\n<form action=\"\/index.php\/wp-json\/wp\/v2\/pages\/370#wpcf7-f392-o1\" method=\"post\" class=\"wpcf7-form init\" aria-label=\"\u0130leti\u015fim Formu\" enctype=\"multipart\/form-data\" novalidate=\"novalidate\" data-status=\"init\">\n<div style=\"display: none;\">\n<input type=\"hidden\" name=\"_wpcf7\" value=\"392\" \/>\n<input type=\"hidden\" name=\"_wpcf7_version\" value=\"5.9.8\" \/>\n<input type=\"hidden\" name=\"_wpcf7_locale\" value=\"tr_TR\" \/>\n<input type=\"hidden\" name=\"_wpcf7_unit_tag\" value=\"wpcf7-f392-o1\" \/>\n<input type=\"hidden\" name=\"_wpcf7_container_post\" value=\"0\" \/>\n<input type=\"hidden\" name=\"_wpcf7_posted_data_hash\" value=\"\" \/>\n<\/div>\n<p><label> \u0130sim Soyisim<br \/>\n<span class=\"wpcf7-form-control-wrap\" data-name=\"your-name\"><input size=\"40\" maxlength=\"400\" class=\"wpcf7-form-control wpcf7-text wpcf7-validates-as-required\" autocomplete=\"name\" aria-required=\"true\" aria-invalid=\"false\" value=\"\" type=\"text\" name=\"your-name\" \/><\/span> <\/label>\n<\/p>\n<p><label> E-posta adresiniz<br \/>\n<span class=\"wpcf7-form-control-wrap\" data-name=\"your-email\"><input size=\"40\" maxlength=\"400\" class=\"wpcf7-form-control wpcf7-email wpcf7-validates-as-required wpcf7-text wpcf7-validates-as-email\" autocomplete=\"email\" aria-required=\"true\" aria-invalid=\"false\" value=\"\" type=\"email\" name=\"your-email\" \/><\/span> <\/label>\n<\/p>\n<p><label> Telefon Numaran\u0131z<br \/>\n<span class=\"wpcf7-form-control-wrap\" data-name=\"tel-973\"><input size=\"40\" maxlength=\"400\" class=\"wpcf7-form-control wpcf7-tel wpcf7-validates-as-required wpcf7-text wpcf7-validates-as-tel\" aria-required=\"true\" aria-invalid=\"false\" value=\"\" type=\"tel\" name=\"tel-973\" \/><\/span> <\/label>\n<\/p>\n<p><label> Eklemek \u0130stedi\u011finiz Not<br \/>\n<span class=\"wpcf7-form-control-wrap\" data-name=\"your-subject\"><input size=\"40\" maxlength=\"400\" class=\"wpcf7-form-control wpcf7-text wpcf7-validates-as-required\" aria-required=\"true\" aria-invalid=\"false\" value=\"\" type=\"text\" name=\"your-subject\" \/><\/span> <\/label>\n<\/p>\n<p><span class=\"wpcf7-form-control-wrap\" data-name=\"file-781\"><input size=\"40\" class=\"wpcf7-form-control wpcf7-file wpcf7-validates-as-required\" accept=\"audio\/*,video\/*,image\/*\" aria-required=\"true\" aria-invalid=\"false\" type=\"file\" name=\"file-781\" \/><\/span>\n<\/p>\n<p><input class=\"wpcf7-form-control wpcf7-submit has-spinner\" type=\"submit\" value=\"G\u00f6nder\" \/>\n<\/p><div class=\"wpcf7-response-output\" aria-hidden=\"true\"><\/div>\n<\/form>\n<\/div>\n<\/div>\n\t\t\t\t\t\t<\/div>\n\t\t\t\t<\/div>\n\t\t\t\t<\/div>\n\t\t\t\t<\/div>\n\t\t\t\t<\/div>\n\t\t","protected":false},"excerpt":{"rendered":"<p>Kariyer Art\u0131 Fikir olarak, uzmanl\u0131k ve ahlaki de\u011ferlere dayal\u0131 bir ekibiz. Y\u00fcksek standartlar\u0131m\u0131z, m\u00fc\u015fteri memnuniyetine verdi\u011fimiz \u00f6nem ve profesyonel yakla\u015f\u0131m\u0131m\u0131zla sekt\u00f6rde \u00f6nc\u00fc bir konumda yer al\u0131yoruz. E\u011fer bu vizyonla uyumluysan\u0131z, sizinle tan\u0131\u015fmak isteriz. Kimiz? Alan\u0131nda uzmanla\u015fm\u0131\u015f, m\u00fc\u015fteri odakl\u0131 ve yenilik\u00e7i bir kurulu\u015ftur. M\u00fc\u015fterilerimize stratejik \u00e7\u00f6z\u00fcmler sunarken, profesyonel ekibimizle birlikte her g\u00fcn daha da b\u00fcy\u00fcyoruz. Arad\u0131\u011fm\u0131z&#8230;<\/p>\n","protected":false},"author":1,"featured_media":0,"parent":0,"menu_order":0,"comment_status":"closed","ping_status":"closed","template":"","meta":{"_kad_post_transparent":"","_kad_post_title":"hide","_kad_post_layout":"fullwidth","_kad_post_sidebar_id":"","_kad_post_content_style":"unboxed","_kad_post_vertical_padding":"hide","_kad_post_feature":"hide","_kad_post_feature_position":"","_kad_post_header":false,"_kad_post_footer":false,"_kad_post_classname":"","footnotes":""},"_links":{"self":[{"href":"http:\/\/www.arti-fikir.com\/index.php\/wp-json\/wp\/v2\/pages\/370"}],"collection":[{"href":"http:\/\/www.arti-fikir.com\/index.php\/wp-json\/wp\/v2\/pages"}],"about":[{"href":"http:\/\/www.arti-fikir.com\/index.php\/wp-json\/wp\/v2\/types\/page"}],"author":[{"embeddable":true,"href":"http:\/\/www.arti-fikir.com\/index.php\/wp-json\/wp\/v2\/users\/1"}],"replies":[{"embeddable":true,"href":"http:\/\/www.arti-fikir.com\/index.php\/wp-json\/wp\/v2\/comments?post=370"}],"version-history":[{"count":52,"href":"http:\/\/www.arti-fikir.com\/index.php\/wp-json\/wp\/v2\/pages\/370\/revisions"}],"predecessor-version":[{"id":866,"href":"http:\/\/www.arti-fikir.com\/index.php\/wp-json\/wp\/v2\/pages\/370\/revisions\/866"}],"wp:attachment":[{"href":"http:\/\/www.arti-fikir.com\/index.php\/wp-json\/wp\/v2\/media?parent=370"}],"curies":[{"name":"wp","href":"https:\/\/api.w.org\/{rel}","templated":true}]}}