{"id":986,"date":"2025-10-27T18:57:18","date_gmt":"2025-10-27T18:57:18","guid":{"rendered":"https:\/\/www.arti-fikir.com\/?page_id=986"},"modified":"2025-10-27T18:57:19","modified_gmt":"2025-10-27T18:57:19","slug":"sirkuler-no-2025-16-vergi-usul-kanununda-yer-alan-had-ve-miktarlarin-2025-yilinda-uygulanacak-tutarlari-belirlenmistir","status":"publish","type":"page","link":"http:\/\/www.arti-fikir.com\/index.php\/sirkuler-no-2025-16-vergi-usul-kanununda-yer-alan-had-ve-miktarlarin-2025-yilinda-uygulanacak-tutarlari-belirlenmistir\/","title":{"rendered":"Sirk\u00fcler No: 2025\/16 VERG\u0130 USUL KANUNUNDA YER ALAN H\u00c2D VE M\u0130KTARLARIN 2025 YILINDA UYGULANACAK TUTARLARI BEL\u0130RLENM\u0130\u015eT\u0130R"},"content":{"rendered":"\n<p><\/p>\n\n\n\n<p><strong>VERG\u0130 USUL KANUNUNDA YER ALAN H\u00c2D VE M\u0130KTARLARIN 2025 YILINDA UYGULANACAK TUTARLARI BEL\u0130RLENM\u0130\u015eT\u0130R<\/strong><\/p>\n\n\n\n<p>Sirk\u00fcler No: 2025\/16 \u0130stanbul, 02.01.2025<\/p>\n\n\n\n<p>Vergi Usul Kanununun (VUK) m\u00fckerrer 414 \u00fcnc\u00fc maddesinin \u00fc\u00e7\u00fcnc\u00fc f\u0131kras\u0131nda, &#8220;Bu Kanunda yer alan maktu hadler ile asgari ve azami miktarlar\u0131 belirtilmi\u015f olan para ile \u00f6denecek ceza miktarlar\u0131, her y\u0131l bir \u00f6nceki y\u0131la ili\u015fkin olarak bu Kanun uyar\u0131nca belirlenen yeniden de\u011ferleme oran\u0131nda art\u0131r\u0131lmak suretiyle uygulan\u0131r. Bu \u015fekilde hesaplanan maktu had ve miktarlar\u0131n y\u00fczde be\u015fini a\u015fmayan kesirler dikkate al\u0131nmaz. Cumhurba\u015fkan\u0131, bu suretle tespit edilen had ve miktarlar\u0131 yar\u0131s\u0131na kadar art\u0131rmaya veya indirmeye, nispi hadleri ise iki kat\u0131na kadar art\u0131rmaya veya yar\u0131s\u0131na kadar indirmeye veya tekrar kanuni seviyesine getirmeye yetkilidir.&#8221;  h\u00fckm\u00fc yer almaktad\u0131r. Ayn\u0131 Kanunun 104 \u00fcnc\u00fc maddesinin \u00fc\u00e7\u00fcnc\u00fc f\u0131kras\u0131nda ise, &#8220;Hazine ve Maliye Bakanl\u0131\u011f\u0131, birinci f\u0131kran\u0131n (4) numaral\u0131 bendinde yer alan tutar\u0131 on kat\u0131na kadar art\u0131rmaya, s\u0131f\u0131ra kadar indirmeye, duyurunun kapsam\u0131, \u015fekli, zaman\u0131 ve s\u00fcresi ile maddenin uygulamas\u0131na ili\u015fkin usul ve esaslar\u0131 belirlemeye yetkilidir.&#8221;  h\u00fckm\u00fc yer almaktad\u0131r.<\/p>\n\n\n\n<p>Di\u011fer yandan, 574 s\u0131ra no.lu VUK Genel Tebli\u011fi ile 2024 y\u0131l\u0131na ait yeniden de\u011ferleme oran\u0131 <strong>%43,93 olarak ilan edilmi\u015fti<\/strong>r.<\/p>\n\n\n\n<p>Buna g\u00f6re; Vergi Usul Kanununun Kanunun 104, m\u00fckerrer 115, 153\/A, 177, 232, 252, m\u00fckerrer 257, 313, 323, 343, 352 (Kanuna Ba\u011fl\u0131 I Say\u0131l\u0131 Cetvel), 353, 353 (Kanuna Ba\u011fl\u0131 2 Say\u0131l\u0131 Cetvel), 355, m\u00fckerrer 355, 370, Ek 1, Ek 11 ve m\u00fckerrer 413 \u00fcnc\u00fc maddelerinde yer alan hadlerin <strong>01.01.2025 tarihinden ge\u00e7erli olmak \u00fczere uygulanacak miktarlar\u0131<\/strong>, 2024 y\u0131l\u0131nda uygulanan tutarlar\u0131n 2024 y\u0131l\u0131 yeniden de\u011ferleme oran\u0131nda (%43,93) art\u0131r\u0131lmas\u0131 suretiyle belirlenmi\u015f olup, Vergi Usul Kanunu Genel Tebli\u011fi (S\u0131ra No: 577) ile ilan edilmi\u015ftir.<\/p>\n\n\n\n<p>Bu hadlerin de\u011fi\u015fiklikten \u00f6nceki miktarlar\u0131 ile yeni miktarlar\u0131 ekli listede g\u00f6sterilmi\u015ftir.<\/p>\n\n\n\n<p><strong>VERG\u0130 USUL KANUNUNDA YER ALAN VE 01\/01\/2025 TAR\u0130H\u0130NDEN GE\u00c7ERL\u0130 OLMAK \u00dcZERE UYGULANACAK OLAN HAD VE M\u0130KTARLAR<\/strong> <\/p>\n\n\n\n<hr class=\"wp-block-separator has-alpha-channel-opacity\"\/>\n\n\n\n<p><\/p>\n\n\n\n<figure class=\"wp-block-table\"><table><thead><tr><td><strong>MADDE NO<\/strong><\/td><td><strong>KONUSU<\/strong><\/td><td><strong>2024 YILINDA UYGULANACAK M\u0130KTAR (TL)<\/strong><\/td><td><strong>2025 YILINDA UYGULANACAK M\u0130KTAR (TL)<\/strong><\/td><\/tr><\/thead><tbody><tr><td><strong>MADDE &#8211; 104<\/strong><\/td><td>\u0130lan\u0131n \u015fekli<\/td><td><\/td><td><\/td><\/tr><tr><td><\/td><td>1- \u0130lan\u0131n vergi dairesinde yap\u0131lmas\u0131<\/td><td>17.000 <\/td><td>24.000 <\/td><\/tr><tr><td><\/td><td>3- \u0130lan\u0131n; &#8211; Vergi dairesinin bulundu\u011fu yerde yay\u0131mlanan bir veya daha fazla gazetede ve bir internet haber sitesinde yap\u0131lmas\u0131&#8230;.<\/td><td>17.000 &#8211; 1.700.000 <\/td><td>24.000 &#8211; 2.400.000 <\/td><\/tr><tr><td><\/td><td>&#8211; T\u00fcrkiye genelinde yay\u0131mlanan gazetelerden birinde ve bir internet haber sitesinde ayr\u0131ca yap\u0131lmas\u0131&#8230; 4- \u0130lan\u0131n &#8211; Hazine ve Maliye Bakanl\u0131\u011f\u0131na ba\u011fl\u0131 vergi daireleri a\u00e7\u0131s\u0131ndan Gelir \u0130daresi Ba\u015fkanl\u0131\u011f\u0131n\u0131n, di\u011ferleri i\u00e7in ilgili idarenin resmi internet sitesinde ayr\u0131ca duyurulmas\u0131<\/td><td>1.700.000 ve \u00fczeri <\/td><td>2.400.000 ve \u00fczeri <\/td><\/tr><tr><td><strong>M\u00dcK. MADDE &#8211; 115<\/strong><\/td><td>Tahakkuktan vazge\u00e7me..<\/td><td>200 <\/td><td>280 <\/td><\/tr><tr><td><strong>MADDE 153\/A<\/strong><\/td><td>Teminat tutar\u0131&#8230;. Alt\u0131 s\u0131n\u0131r<\/td><td>690.000 <\/td><td>990.000 <\/td><\/tr><tr><td><\/td><td>\u00dcst S\u0131n\u0131r<\/td><td>14.000.000 <\/td><td><\/td><\/tr><\/tbody><\/table><\/figure>\n\n\n\n<hr class=\"wp-block-separator has-alpha-channel-opacity\"\/>\n\n\n\n<p><\/p>\n\n\n\n<figure class=\"wp-block-table\"><table><thead><tr><td><strong>MADDE NO<\/strong><\/td><td><strong>KONUSU<\/strong><\/td><td><strong>2024 YILINDA UYGULANACAK M\u0130KTAR (TL)<\/strong><\/td><td><strong>2025 YILINDA UYGULANACAK M\u0130KTAR (TL)<\/strong><\/td><\/tr><\/thead><tbody><tr><td><strong>MADDE &#8211; 177<\/strong><\/td><td>Bilan\u00e7o hesab\u0131 esas\u0131na g\u00f6re defter tutma hadleri<\/td><td><\/td><td><\/td><\/tr><tr><td><\/td><td>1- Y\u0131ll\u0131k al\u0131mlar\u0131n tutar\u0131&#8230;.<\/td><td>1.400.000 <\/td><td>2.000.000 <\/td><\/tr><tr><td><\/td><td>Y\u0131ll\u0131k sat\u0131\u015flar\u0131n tutar\u0131&#8230;&#8230;<\/td><td>2.000.000 <\/td><td>2.800.000 <\/td><\/tr><tr><td><\/td><td>2- Y\u0131ll\u0131k gayrisafi i\u015f has\u0131lat\u0131&#8230;..<\/td><td>690.000 <\/td><td>990.000 <\/td><\/tr><tr><td><\/td><td>3- \u0130\u015f has\u0131lat\u0131n\u0131n be\u015f kat\u0131 ile y\u0131ll\u0131k sat\u0131\u015f tutar\u0131n\u0131n toplam\u0131<\/td><td>1.400.000 <\/td><td>2.000.000 <\/td><\/tr><tr><td><strong>MADDE &#8211; 232<\/strong><\/td><td>Fatura kullanma mecburiyeti&#8230;.<\/td><td>6.900 <\/td><td>9.900 <\/td><\/tr><tr><td><strong>MADDE &#8211; 252<\/strong><\/td><td>Muhtarlar\u0131n karne tasdikinde ald\u0131\u011f\u0131 har\u00e7.<\/td><td>20 <\/td><td>28 <\/td><\/tr><tr><td><strong>M\u00dcK. MADDE &#8211; 257<\/strong><\/td><td>Teminat Tutar\u0131&#8230;. 8- 5015 say\u0131l\u0131 Petrol Piyasas\u0131 Kanunu ve 5307 say\u0131l\u0131 S\u0131v\u0131la\u015ft\u0131r\u0131lm\u0131\u015f Petrol Gazlar\u0131 (LPG) Piyasas\u0131 Kanunu ve Elektrik Piyasas\u0131 Kanununda De\u011fi\u015fiklik Yap\u0131lmas\u0131na Dair Kanun kapsam\u0131nda lisansa tabi faaliyetlerde bulunanlar ile bu madde uyar\u0131nca bandrol, pul, barkod, hologram, kup\u00fcr, damga, sembol gibi \u00f6zel etiket ve i\u015faretleri kullanma zorunlulu\u011fu getirilen \u00fcr\u00fcnleri imal veya ithal edenlerden;<\/td><td><\/td><td><\/td><\/tr><tr><td><\/td><td>Yeni \u0130\u015fe Ba\u015flayanlar&#8230;<\/td><td>44.000.000 <\/td><td>63.000.000 <\/td><\/tr><tr><td><\/td><td>Faaliyeti Devam edenler&#8230;.<\/td><td>440.000.000 <\/td><td>630.000.000 <\/td><\/tr><tr><td><\/td><td>10- 4760 say\u0131l\u0131 \u00d6zel T\u00fcketim Vergisi Kanununda tan\u0131ml\u0131 bulunan motorlu ara\u00e7 ticareti yapanlar<\/td><td><\/td><td>140.000.000 <\/td><\/tr><\/tbody><\/table><\/figure>\n\n\n\n<hr class=\"wp-block-separator has-alpha-channel-opacity\"\/>\n\n\n\n<p><\/p>\n\n\n\n<p><\/p>\n\n\n\n<figure class=\"wp-block-table\"><table><thead><tr><td><strong>MADDE NO<\/strong><\/td><td><strong>KONUSU<\/strong><\/td><td><strong>2024 YILINDA UYGULANACAK M\u0130KTAR (TL)<\/strong><\/td><td><strong>2025 YILINDA UYGULANACAK M\u0130KTAR (TL)<\/strong><\/td><\/tr><\/thead><tbody><tr><td><strong>MADDE &#8211; 313<\/strong><\/td><td>Do\u011frudan Gider Yaz\u0131lacak Demirba\u015f Ve Pe\u015ftamall\u0131klar<\/td><td>6.900 <\/td><td>9.900 <\/td><\/tr><tr><td><strong>MADDE &#8211; 323<\/strong><\/td><td>\u015e\u00fcpheli Alacak Tutar\u0131<\/td><td>14.000 <\/td><td>20.000 <\/td><\/tr><tr><td><strong>MADDE &#8211; 343<\/strong><\/td><td>En az ceza haddi Damga Vergisinde&#8230;.. Di\u011fer Vergilerde..<\/td><td>87 170 <\/td><td>120 240 <\/td><\/tr><tr><td><strong>MADDE &#8211; 352<\/strong><\/td><td>Usuls\u00fczl\u00fck Dereceleri ve Cezalar\u0131 (Kanuna ba\u011fl\u0131 I say\u0131l\u0131 cetvel) Birinci derece usuls\u00fczl\u00fckler<\/td><td><\/td><td><\/td><\/tr><tr><td><\/td><td>1- Sermaye \u015firketleri&#8230;<\/td><td>1.100 <\/td><td>28.000 <\/td><\/tr><tr><td><\/td><td>2- Sermaye \u015firketi d\u0131\u015f\u0131nda kalan birinci s\u0131n\u0131f t\u00fcccarlar ve serbest meslek erbab\u0131&#8230;.<\/td><td>660 <\/td><td>14.000 <\/td><\/tr><tr><td><\/td><td>3- \u0130kinci s\u0131n\u0131f t\u00fcccarlar&#8230;<\/td><td>330 <\/td><td>7.000 <\/td><\/tr><tr><td><\/td><td>4- Yukar\u0131dakiler d\u0131\u015f\u0131nda kal\u0131p beyanname usul\u00fcyle gelir vergisine tabi olanlar&#8230;&#8230;<\/td><td>150 <\/td><td>5.000 <\/td><\/tr><tr><td><\/td><td>5- Kazanc\u0131 basit usulde tespit edilenler&#8230;..<\/td><td>87 <\/td><td>3.200 <\/td><\/tr><\/tbody><\/table><\/figure>\n\n\n\n<hr class=\"wp-block-separator has-alpha-channel-opacity\"\/>\n\n\n\n<p><\/p>\n\n\n\n<figure class=\"wp-block-table\"><table><thead><tr><td><strong>MADDE NO<\/strong><\/td><td><strong>KONUSU<\/strong><\/td><td><strong>2024 YILINDA UYGULANACAK M\u0130KTAR (TL)<\/strong><\/td><td><strong>2025 YILINDA UYGULANACAK M\u0130KTAR (TL)<\/strong><\/td><\/tr><\/thead><tbody><tr><td><strong>MADDE &#8211; 352 (Devam)<\/strong><\/td><td>6- Gelir vergisinden muaf esnaf&#8230;<\/td><td>40 <\/td><td>2.100 <\/td><\/tr><tr><td><\/td><td>\u0130kinci derece usuls\u00fczl\u00fckler<\/td><td><\/td><td><\/td><\/tr><tr><td><\/td><td>1- Sermaye \u015firketleri.<\/td><td>580 <\/td><td>14.000 <\/td><\/tr><tr><td><\/td><td>2- Sermaye \u015firketi d\u0131\u015f\u0131nda kalan birinci s\u0131n\u0131f t\u00fcccarlar ve serbest meslek erbab\u0131<\/td><td>330 <\/td><td>7.000 <\/td><\/tr><tr><td><\/td><td>3- \u0130kinci s\u0131n\u0131f t\u00fcccarlar&#8230;<\/td><td>150 <\/td><td>5.000 <\/td><\/tr><tr><td><\/td><td>4- Yukar\u0131dakiler d\u0131\u015f\u0131nda kal\u0131p beyanname usul\u00fcyle gelir vergisine tabi olanlar<\/td><td>87 <\/td><td>3.200 <\/td><\/tr><tr><td><\/td><td>5- Kazanc\u0131 basit usulde tespit edilenler<\/td><td>40 <\/td><td>2.100 <\/td><\/tr><tr><td><\/td><td>6- Gelir Vergisinden Muaf Esnaf<\/td><td><\/td><td>1.400 <\/td><\/tr><tr><td><strong>MADDE &#8211; 353<\/strong><\/td><td>Fatura ve benzeri evrak verilmemesi ve al\u0131nmamas\u0131 ile di\u011fer \u015fekil ve usul h\u00fck\u00fcmlerine uyulmamas\u0131<\/td><td><\/td><td><\/td><\/tr><tr><td><\/td><td>1- Elektronik belge olarak d\u00fczenlenmesi gerekenler de dahil olmak \u00fczere fatura, gider pusulas\u0131, m\u00fcstahsil makbuzu, serbest meslek makbuzunun verilmemesi, al\u0131nmamas\u0131, bu belgelerde ger\u00e7ek mebla\u011flardan farkl\u0131 mebla\u011flara yer verilmesi, bu belgelerin elektronik belge olarak d\u00fczenlenmesi gerekirken ka\u011f\u0131t olarak d\u00fczenlenmesi, bu belgelerin hi\u00e7 d\u00fczenlenmemi\u015f say\u0131lmas\u0131 1.Tespit<\/td><td>3.400 <\/td><td>14.000 <\/td><\/tr><\/tbody><\/table><\/figure>\n\n\n\n<hr class=\"wp-block-separator has-alpha-channel-opacity\"\/>\n\n\n\n<p><\/p>\n\n\n\n<p><\/p>\n\n\n\n<figure class=\"wp-block-table\"><table><thead><tr><td><strong>MADDE NO<\/strong><\/td><td><strong>KONUSU<\/strong><\/td><td><strong>2024 YILINDA UYGULANACAK M\u0130KTAR (TL)<\/strong><\/td><td><strong>2025 YILINDA UYGULANACAK M\u0130KTAR (TL)<\/strong><\/td><\/tr><\/thead><tbody><tr><td><strong>MADDE &#8211; 353 (Devam)<\/strong><\/td><td>Bir takvim y\u0131l\u0131 i\u00e7inde her bir belge nevine ili\u015fkin olarak kesilecek toplam ceza<\/td><td>1.700.000 <\/td><td>14.000.000 <\/td><\/tr><tr><td><\/td><td>Kanuna ba\u011fl\u0131 2 say\u0131l\u0131 cetvel 2. Tespit<\/td><td><\/td><td>28.000 <\/td><\/tr><tr><td><\/td><td>3. Tespit<\/td><td><\/td><td>43.000 <\/td><\/tr><tr><td><\/td><td>4. Tespit<\/td><td><\/td><td>57.000 <\/td><\/tr><tr><td><\/td><td>5. Tespit<\/td><td><\/td><td>70.000 <\/td><\/tr><tr><td><\/td><td>6. ve Sonraki Tespit<\/td><td><\/td><td>140.000 <\/td><\/tr><tr><td><\/td><td>2- Elektronik belge olarak d\u00fczenlenmesi gerekenler de dahil olmak \u00fczere perakende sat\u0131\u015f fi\u015fi, \u00f6deme kaydedici cihaz fi\u015fi, giri\u015f ve yolcu ta\u015f\u0131ma bileti, sevk irsaliyesi, ta\u015f\u0131ma irsaliyesi, yolcu listesi, g\u00fcnl\u00fck m\u00fc\u015fteri listesi ile Hazine ve Maliye Bakanl\u0131\u011f\u0131nca d\u00fczenleme zorunlulu\u011fu getirilen belgelerin d\u00fczenlenmemesi, kullan\u0131lmamas\u0131, bulundurulmamas\u0131, asl\u0131 ile \u00f6rne\u011finde farkl\u0131 mebla\u011flara yer verilmesi, ger\u00e7e\u011fe ayk\u0131r\u0131 olarak d\u00fczenlenmesi, elektronik belge olarak d\u00fczenlenmesi gerekirken ka\u011f\u0131t olarak d\u00fczenlenmesi, hi\u00e7 d\u00fczenlenmemi\u015f say\u0131lmas\u0131 1.Tespit<\/td><td>3.400 <\/td><td>14.000 <\/td><\/tr><tr><td><\/td><td>Her bir belge nev&#8217;ine ili\u015fkin olarak her bir tespit i\u00e7in toplam ceza<\/td><td>170.000 <\/td><td>1.400.000 <\/td><\/tr><tr><td><\/td><td>&#8211; Her bir belge nev&#8217;ine ili\u015fkin bir takvim y\u0131l\u0131 i\u00e7inde kesilecek toplam ceza<\/td><td>1.700.000 <\/td><td>14.00.000 <\/td><\/tr><\/tbody><\/table><\/figure>\n\n\n\n<hr class=\"wp-block-separator has-alpha-channel-opacity\"\/>\n\n\n\n<p><\/p>\n\n\n\n<p><\/p>\n\n\n\n<figure class=\"wp-block-table\"><table><thead><tr><td><strong>MADDE NO<\/strong><\/td><td><strong>KONUSU<\/strong><\/td><td><strong>2024 YILINDA UYGULANACAK M\u0130KTAR (TL)<\/strong><\/td><td><strong>2025 YILINDA UYGULANACAK M\u0130KTAR (TL)<\/strong><\/td><\/tr><\/thead><tbody><tr><td><strong>MADDE &#8211; 353 (Devam)<\/strong><\/td><td>Kanuna ba\u011fl\u0131 2 say\u0131l\u0131 cetvel 2. Tespit<\/td><td><\/td><td>28.000 <\/td><\/tr><tr><td><\/td><td>3. Tespit<\/td><td><\/td><td>43.000 <\/td><\/tr><tr><td><\/td><td>4. Tespit<\/td><td><\/td><td>57.000 <\/td><\/tr><tr><td><\/td><td>5. Tespit<\/td><td><\/td><td>70.000 <\/td><\/tr><tr><td><\/td><td>6. ve Sonraki Tespit<\/td><td><\/td><td>140.000 <\/td><\/tr><tr><td><\/td><td>3- 232&#8217;nci maddenin birinci f\u0131kras\u0131n\u0131n 1 ila 5 numaral\u0131 bentlerinde say\u0131lanlar d\u0131\u015f\u0131nda kalan ki\u015filerin fatura, gider pusulas\u0131, m\u00fcstahsil makbuzu, serbest meslek makbuzu, perakende sat\u0131\u015f fi\u015fi, \u00f6deme kaydedici cihaz fi\u015fi ve giri\u015f ve yolcu ta\u015f\u0131ma biletlerini almamas\u0131<\/td><td><\/td><td>7.000 <\/td><\/tr><tr><td><\/td><td>Bir takvim y\u0131l\u0131 i\u00e7inde kesilecek toplam ceza<\/td><td><\/td><td>70.000 <\/td><\/tr><tr><td><\/td><td>4- Hazine ve Maliye Bakanl\u0131\u011f\u0131nca tutulma ve g\u00fcn\u00fc g\u00fcn\u00fcne kay\u0131t edilme mecburiyeti getirilen defterlerin; bulundurulmamas\u0131, g\u00fcn\u00fc g\u00fcn\u00fcne kay\u0131t yap\u0131lmamas\u0131, yetkililere ibraz edilmemesi ile levha bulundurma ve asma mecburiyetine uyulmamas\u0131&#8230;<\/td><td>1.700 <\/td><td>2.400 <\/td><\/tr><tr><td><\/td><td>6- Belirlenen muhasebe standartlar\u0131na, tek d\u00fczen hesap plan\u0131na ve mali tablolara ili\u015fkin usul ve esaslar ile muhasebeye y\u00f6nelik bilgisayar programlar\u0131n\u0131n \u00fcretilmesine ili\u015fkin kural ve standartlara uymayanlara.<\/td><td>40.000 <\/td><td>90.000 <\/td><\/tr><tr><td><\/td><td>7- Kamu kurum ve kurulu\u015flar\u0131 ile ger\u00e7ek ve t\u00fczel ki\u015filerce yap\u0131lacak i\u015flemlerde kullan\u0131lma zorunlulu\u011fu getirilen vergi numaras\u0131n\u0131 kullanmaks\u0131z\u0131n i\u015flem yapanlara..<\/td><td>2.000 <\/td><td>2.800 <\/td><\/tr><\/tbody><\/table><\/figure>\n\n\n\n<hr class=\"wp-block-separator has-alpha-channel-opacity\"\/>\n\n\n\n<p><\/p>\n\n\n\n<figure class=\"wp-block-table\"><table><thead><tr><td><strong>MADDE NO<\/strong><\/td><td><strong>KONUSU<\/strong><\/td><td><strong>2024 YILINDA UYGULANACAK M\u0130KTAR (TL)<\/strong><\/td><td><strong>2025 YILINDA UYGULANACAK M\u0130KTAR (TL)<\/strong><\/td><\/tr><\/thead><tbody><tr><td><strong>MADDE &#8211; 353 (Devam)<\/strong><\/td><td>8- Belge bas\u0131m\u0131 ile ilgili bildirim g\u00f6revini belirlenen s\u00fcrede yerine getirmeyen ya da bildirimi eksik veya hatal\u0131 yapan matbaa i\u015fletmecilerine<\/td><td>6.600 <\/td><td>9.400 <\/td><\/tr><tr><td><\/td><td>-Bu bent uyar\u0131nca bir takvim y\u0131l\u0131 i\u00e7inde kesilecek toplam \u00f6zel usuls\u00fczl\u00fck cezas\u0131.<\/td><td>1.300.000 <\/td><td>1.800.000 <\/td><\/tr><tr><td><\/td><td>9- 4358 say\u0131l\u0131 Kanun uyar\u0131nca vergi kimlik numaras\u0131 kullanma zorunlulu\u011fu getirilen kurulu\u015flardan yapt\u0131klar\u0131 i\u015flemlere ili\u015fkin bildirimleri belirlenen standartlarda ve zamanda yerine getirmeyenlere&#8230;.<\/td><td>8.700 <\/td><td>12.000 <\/td><\/tr><tr><td><\/td><td>10- 127. maddenin (d) bendi uyar\u0131nca Hazine ve Maliye Bakanl\u0131\u011f\u0131n\u0131n \u00f6zel i\u015faretli g\u00f6revlisinin ikaz\u0131na ra\u011fmen durmayan arac\u0131n sahibi ad\u0131na&#8230;<\/td><td>6.600 <\/td><td>21.000 <\/td><\/tr><tr><td><\/td><td>11- Tasdik raporu ibraz \u015fart\u0131 getirilen m\u00fckellef ad\u0131na Alt s\u0131n\u0131r \u00dcst s\u0131n\u0131r&#8230;.<\/td><td>230.000 2.300.000 <\/td><td>330.000 3.300.000 <\/td><\/tr><tr><td><strong>MADDE 355<\/strong><\/td><td>b) Damga Vergisinde Her bir ka\u011f\u0131t i\u00e7in kesilecek \u00f6zel usuls\u00fczl\u00fck cezas\u0131<\/td><td>14 <\/td><td>57 <\/td><\/tr><\/tbody><\/table><\/figure>\n\n\n\n<hr class=\"wp-block-separator has-alpha-channel-opacity\"\/>\n\n\n\n<p><\/p>\n\n\n\n<figure class=\"wp-block-table\"><table><thead><tr><td><strong>MADDE NO<\/strong><\/td><td><strong>KONUSU<\/strong><\/td><td><strong>2024 YILINDA UYGULANACAK M\u0130KTAR (TL)<\/strong><\/td><td><strong>2025 YILINDA UYGULANACAK M\u0130KTAR (TL)<\/strong><\/td><\/tr><\/thead><tbody><tr><td><strong>M\u00dcK. MADDE &#8211; 355<\/strong><\/td><td>Bilgi vermekten \u00e7ekinenler ile 107\/A, m\u00fckerrer 242, 256, 257 ve m\u00fckerrer 257&#8217;ini madde ve Gelir Vergisi Kanununun 98\/A maddesi h\u00fckm\u00fcne uymayanlar i\u00e7in ceza<\/td><td><\/td><td><\/td><\/tr><tr><td><\/td><td>&#8211; 86, 148, 149, 150, m\u00fckerrer 242, 256 ve 257 nci maddelerinde yer alan zorunluluklar ile m\u00fckerrer 257 nci maddesi ve Gelir Vergisi Kanununun 98\/A maddesi uyar\u0131nca getirilen zorunluluklara uymayanlar 1- Birinci s\u0131n\u0131f t\u00fcccarlar ile serbest meslek erbab\u0131 hakk\u0131nda&#8230;<\/td><td>11.800 <\/td><td>28.000 <\/td><\/tr><tr><td><\/td><td>2- \u0130kinci s\u0131n\u0131f t\u00fcccarlar, defter tutan \u00e7ift\u00e7iler ile kazanc\u0131 basit usulde tespit edilenler hakk\u0131nda&#8230;&#8230;<\/td><td>5.800 <\/td><td>14.000 <\/td><\/tr><tr><td><\/td><td>3- Yukar\u0131daki bentlerde yaz\u0131l\u0131 bulunanlar d\u0131\u015f\u0131nda kalanlar hakk\u0131nda&#8230;<\/td><td>3.000 <\/td><td>7.000 <\/td><\/tr><tr><td><\/td><td>&#8211; 107\/A maddesi uyar\u0131nca getirilen zorunluluklara uymayanlar 1- Birinci s\u0131n\u0131f t\u00fcccarlar ile serbest meslek erbab\u0131 hakk\u0131nda&#8230;<\/td><td>6.900 <\/td><td>9.900 <\/td><\/tr><tr><td><\/td><td>2- \u0130kinci S\u0131n\u0131f t\u00fcccarlar, defter tutan \u00e7ift\u00e7iler ile kazanc\u0131 basit usulde tespit edilenler hakk\u0131nda&#8230;&#8230;<\/td><td>3.400 <\/td><td>4.800 <\/td><\/tr><tr><td><\/td><td>3- Yukar\u0131daki bentlerle yaz\u0131l\u0131 bulunanlar d\u0131\u015f\u0131nda kalanlar hakk\u0131nda<\/td><td>1.800 <\/td><td>2.500 <\/td><\/tr><tr><td><\/td><td>&#8211; M\u00fckerrer 257 nci maddenin birinci f\u0131kras\u0131n\u0131n (7) numaral\u0131 bendi uyar\u0131nca getirilen zorunluluklara uymayanlara her bir bildirim i\u00e7in (\u00fcst s\u0131n\u0131r)..<\/td><td><\/td><td>14.000.000 <\/td><\/tr><tr><td><\/td><td>&#8211; M\u00fckerrer 257 nci maddenin birinci f\u0131kras\u0131n\u0131n (8) ve (10) numaral\u0131 bentleri uyar\u0131nca getirilen zorunluluklara uymayanlara (\u00fcst s\u0131n\u0131r)..<\/td><td>4.400.000 <\/td><td>14.000.000 <\/td><\/tr><\/tbody><\/table><\/figure>\n\n\n\n<hr class=\"wp-block-separator has-alpha-channel-opacity\"\/>\n\n\n\n<p><\/p>\n\n\n\n<p><\/p>\n\n\n\n<figure class=\"wp-block-table\"><table><thead><tr><td><strong>MADDE NO<\/strong><\/td><td><strong>KONUSU<\/strong><\/td><td><strong>2024 YILINDA UYGULANACAK M\u0130KTAR (TL)<\/strong><\/td><td><strong>2025 YILINDA UYGULANACAK M\u0130KTAR (TL)<\/strong><\/td><\/tr><\/thead><tbody><tr><td><strong>M\u00dcK. MADDE &#8211; 355 (Devam)<\/strong><\/td><td>&#8211; Tahsilat ve \u00f6demelerini banka, benzeri finans kurumlar\u0131 veya posta idarelerince d\u00fczenlenen belgelerle tevsik etme zorunlulu\u011funa uymayanlara bir takvim y\u0131l\u0131 i\u00e7inde kesilecek toplam \u00f6zel usuls\u00fczl\u00fck cezas\u0131&#8230;<\/td><td>8.700.000 <\/td><td>28.000.000 <\/td><\/tr><tr><td><\/td><td>&#8211; Mal teslimi ve hizmet ifalar\u0131na ili\u015fkin tahsilatlar\u0131n banka ve benzeri finans kurumlar\u0131, \u00f6deme kurulu\u015flar\u0131 veya Posta ve Telgraf Te\u015fkilat\u0131 Anonim \u015eirketi arac\u0131l\u0131\u011f\u0131yla ba\u015fkalar\u0131n\u0131n ad\u0131 ve\/veya hesab\u0131 kullan\u0131larak yap\u0131lmas\u0131 durumunda bir takvim y\u0131l\u0131 i\u00e7inde kesilecek toplam \u00f6zel usuls\u00fczl\u00fck cezas\u0131<\/td><td><\/td><td>28.000.000 <\/td><\/tr><tr><td><\/td><td>&#8211; Kredi kart\u0131, banka kart\u0131, \u00f6n \u00f6demeli kart, karekod, elektronik c\u00fczdan ve benzeri elektronik \u00f6deme ara\u00e7lar\u0131 kullan\u0131lmak suretiyle ger\u00e7ekle\u015ftirilen tahsilatlar\u0131n kendi m\u00fckellefiyeti ad\u0131na kay\u0131tl\u0131 olmayan \u00f6deme sistemleri veya cihazlar\u0131 arac\u0131l\u0131\u011f\u0131yla yap\u0131lmas\u0131 durumunda bir takvim y\u0131l\u0131 i\u00e7inde kesilecek toplam \u00f6zel usuls\u00fczl\u00fck cezas\u0131<\/td><td><\/td><td>28.000.000 <\/td><\/tr><tr><td><\/td><td>&#8211; Maddenin onikinci f\u0131kras\u0131 uyar\u0131nca bir takvim y\u0131l\u0131 i\u00e7inde kesilecek \u00f6zel usuls\u00fczl\u00fck cezas\u0131<\/td><td><\/td><td>28.000.000 <\/td><\/tr><tr><td><strong>MADDE 370<\/strong><\/td><td>\u0130zaha Davet &#8211; Kullan\u0131lan sahte veya muhteviyat\u0131 itibariyla yan\u0131lt\u0131c\u0131 belge tutar\u0131&#8230;.<\/td><td>500.000 <\/td><td>700.000 <\/td><\/tr><\/tbody><\/table><\/figure>\n\n\n\n<hr class=\"wp-block-separator has-alpha-channel-opacity\"\/>\n\n\n\n<p><\/p>\n\n\n\n<figure class=\"wp-block-table\"><table><thead><tr><td><strong>MADDE NO<\/strong><\/td><td><strong>KONUSU<\/strong><\/td><td><strong>2024 YILINDA UYGULANACAK M\u0130KTAR (TL)<\/strong><\/td><td><strong>2025 YILINDA UYGULANACAK M\u0130KTAR (TL)<\/strong><\/td><\/tr><\/thead><tbody><tr><td><strong>EK MADDE 1<\/strong><\/td><td>Tarhiyat sonras\u0131 uzla\u015fmaya konu edilebilecek usuls\u00fczl\u00fck ve \u00f6zel usuls\u00fczl\u00fck cezalar\u0131nda s\u0131n\u0131r&#8230;&#8230;&#8230;&#8230;&#8230;&#8230;&#8230;&#8230;&#8230;&#8230;&#8230;&#8230;&#8230;&#8230;&#8230;&#8230;&#8230;&#8230;&#8230;..<\/td><td>23.000 \u00fczeri <\/td><td>33.000 \u00fczeri <\/td><\/tr><tr><td><strong>EK MADDE 1<\/strong><\/td><td>376 nc\u0131 maddedeki indirim oran\u0131n\u0131n %50 art\u0131r\u0131ml\u0131 uygulanaca\u011f\u0131 usuls\u00fczl\u00fck ve \u00f6zel usuls\u00fczl\u00fck cezalar\u0131nda s\u0131n\u0131r&#8230;&#8230;&#8230;&#8230;&#8230;&#8230;&#8230;&#8230;&#8230;&#8230;&#8230;&#8230;<\/td><td>23.000 ve alt\u0131 <\/td><td>33.000 ve alt\u0131 <\/td><\/tr><tr><td><strong>EK MADDE 11<\/strong><\/td><td>Tarhiyat \u00f6ncesi uzla\u015fmaya konu edilebilecek usuls\u00fczl\u00fck ve \u00f6zel usuls\u00fczl\u00fck cezalar\u0131nda s\u0131n\u0131r&#8230;&#8230;&#8230;&#8230;&#8230;&#8230;&#8230;&#8230;&#8230;&#8230;&#8230;&#8230;&#8230;&#8230;&#8230;&#8230;&#8230;&#8230;&#8230;.<\/td><td>23.000 \u00fczeri <\/td><td>33.000 \u00fczeri <\/td><\/tr><tr><td><strong>M\u00dcK. MADDE 413<\/strong><\/td><td>Kat\u0131lma Pay\u0131 Tutar\u0131<\/td><td>0,35 <\/td><td>0,35 <\/td><\/tr><\/tbody><\/table><\/figure>\n\n\n\n<p>Sayg\u0131lar\u0131m\u0131zla<\/p>\n","protected":false},"excerpt":{"rendered":"<p>VERG\u0130 USUL KANUNUNDA YER ALAN H\u00c2D VE M\u0130KTARLARIN 2025 YILINDA UYGULANACAK TUTARLARI BEL\u0130RLENM\u0130\u015eT\u0130R Sirk\u00fcler No: 2025\/16 \u0130stanbul, 02.01.2025 Vergi Usul Kanununun (VUK) m\u00fckerrer 414 \u00fcnc\u00fc maddesinin \u00fc\u00e7\u00fcnc\u00fc f\u0131kras\u0131nda, &#8220;Bu Kanunda yer alan maktu hadler ile asgari ve azami miktarlar\u0131 belirtilmi\u015f olan para ile \u00f6denecek ceza miktarlar\u0131, her y\u0131l bir \u00f6nceki y\u0131la ili\u015fkin olarak bu Kanun&#8230;<\/p>\n","protected":false},"author":3,"featured_media":0,"parent":0,"menu_order":0,"comment_status":"closed","ping_status":"closed","template":"","meta":{"_kad_post_transparent":"","_kad_post_title":"","_kad_post_layout":"","_kad_post_sidebar_id":"","_kad_post_content_style":"","_kad_post_vertical_padding":"","_kad_post_feature":"","_kad_post_feature_position":"","_kad_post_header":false,"_kad_post_footer":false,"_kad_post_classname":"","footnotes":""},"_links":{"self":[{"href":"http:\/\/www.arti-fikir.com\/index.php\/wp-json\/wp\/v2\/pages\/986"}],"collection":[{"href":"http:\/\/www.arti-fikir.com\/index.php\/wp-json\/wp\/v2\/pages"}],"about":[{"href":"http:\/\/www.arti-fikir.com\/index.php\/wp-json\/wp\/v2\/types\/page"}],"author":[{"embeddable":true,"href":"http:\/\/www.arti-fikir.com\/index.php\/wp-json\/wp\/v2\/users\/3"}],"replies":[{"embeddable":true,"href":"http:\/\/www.arti-fikir.com\/index.php\/wp-json\/wp\/v2\/comments?post=986"}],"version-history":[{"count":1,"href":"http:\/\/www.arti-fikir.com\/index.php\/wp-json\/wp\/v2\/pages\/986\/revisions"}],"predecessor-version":[{"id":987,"href":"http:\/\/www.arti-fikir.com\/index.php\/wp-json\/wp\/v2\/pages\/986\/revisions\/987"}],"wp:attachment":[{"href":"http:\/\/www.arti-fikir.com\/index.php\/wp-json\/wp\/v2\/media?parent=986"}],"curies":[{"name":"wp","href":"https:\/\/api.w.org\/{rel}","templated":true}]}}