{"id":1083,"date":"2025-11-13T20:39:06","date_gmt":"2025-11-13T20:39:06","guid":{"rendered":"https:\/\/www.arti-fikir.com\/?page_id=1083"},"modified":"2025-11-13T20:39:06","modified_gmt":"2025-11-13T20:39:06","slug":"sirkuler-no-2025-61-basit-usulden-yararlananlarin-kapsami-daraltilmistir","status":"publish","type":"page","link":"https:\/\/www.arti-fikir.com\/index.php\/sirkuler-no-2025-61-basit-usulden-yararlananlarin-kapsami-daraltilmistir\/","title":{"rendered":"Sirk\u00fcler No: 2025-61 Basit Usulden Yararlananlar\u0131n Kapsam\u0131 Daralt\u0131lm\u0131\u015ft\u0131r"},"content":{"rendered":"\n<p><\/p>\n\n\n\n<p><strong>BAS\u0130T USULDEN YARARLANANLARIN KAPSAMI DARALTILMI\u015eTIR<\/strong><br><br>Gelir Vergisi Kanunu\u2019nun 46. Maddesine g\u00f6re, Kanunun 47 ve 48 inci maddelerde yaz\u0131l\u0131 \u015fartlar\u0131 topluca haiz olanlar\u0131n ticari kazan\u00e7lar\u0131 basit usulde tespit olunur.&nbsp;<br><br>Bu \u015fartlar\u0131 sa\u011flayan m\u00fckellefler i\u00e7in ticari kazanc\u0131n tespiti ve muhasebesi kolayla\u015ft\u0131r\u0131lm\u0131\u015f bir usule tabi tutulmu\u015ftur. Bunlar i\u00e7in, ticari kazan\u00e7 bir hesap d\u00f6nemi i\u00e7inde elde edilen has\u0131lat ile giderler ve sat\u0131lan mallar\u0131n al\u0131\u015f bedelleri aras\u0131ndaki m\u00fcspet farkt\u0131r. Bu fark yap\u0131lan faaliyetle ilgili olarak Vergi Usul Kanunu h\u00fck\u00fcmlerine g\u00f6re al\u0131nmas\u0131 ve verilmesi mecburi olan al\u0131\u015f ve giderler ile has\u0131latlara ili\u015fkin belgelerde yaz\u0131l\u0131 tutarlara g\u00f6re hesaplan\u0131r. Kazan\u00e7lar\u0131 bu usulde tespit edilenler, kazanc\u0131n tespiti ve Vergi Usul Kanununun defter tutma h\u00fck\u00fcmleri hari\u00e7, bildirme, vesikalar, muhafaza, ibraz, di\u011fer \u00f6devler ve ceza h\u00fck\u00fcmleri ile bu Kanun ve di\u011fer kanunlarda yer alan ikinci s\u0131n\u0131f t\u00fcccarlar hakk\u0131ndaki h\u00fck\u00fcmlere tabidirler.<br><br>Her ne kadar basit usule tabi m\u00fckellef i\u00e7in kazanc\u0131n tespiti kolayla\u015ft\u0131r\u0131lm\u0131\u015f bir usule tabi tutulmu\u015f olsa da yani bunlar prensip itibariyle gelir vergisine tabi olsa da, 1.1.2021 tarihinden itibaren elde edilen kazan\u00e7lara uygulanmak \u00fczere, 26.10.2021 R.G. tarihli 7338 s. Kanun ile GVK\u2019na eklenen M\u00fckerrer 20\/A madde ile, bu Kanuna g\u00f6re kazan\u00e7lar\u0131 basit usulde tespit olunan m\u00fckelleflerin 46 nc\u0131 maddeye g\u00f6re tespit edilen kazan\u00e7lar\u0131 gelir vergisinden m\u00fcstesna tutulmu\u015ftur. Bu m\u00fckelleflere yap\u0131lan \u00f6demeler stopaja da tabi de\u011fildir. Ayr\u0131ca KDVK\u2019nun 17\/4-a maddesi uyar\u0131nca basit usulde tespit edilen m\u00fckellefler taraf\u0131ndan yap\u0131lan teslim ve hizmetler KDV\u2019den de m\u00fcstesnad\u0131r.<br><br>Di\u011fer yandan Kanunun 51. Maddesinde, Kanunun 47 ve 48. Maddesindeki \u015fartlar\u0131 sa\u011flasalar bile baz\u0131 m\u00fckelleflerin basit usulden yararlanamayaca\u011f\u0131 belirtilmi\u015ftir. Kanunda yaz\u0131l\u0131 bu m\u00fckellefler a\u015fa\u011f\u0131daki gibidir:<br><br>1.&nbsp;&nbsp; &nbsp;Kolektif \u015firket ortaklar\u0131 ile, komandit \u015firketlerin komandite ortaklar\u0131;<br>2.&nbsp;&nbsp; &nbsp;\u0130krazat i\u015fleriyle u\u011fra\u015fanlar;<br>3.&nbsp;&nbsp; &nbsp;Sarraflar ile k\u0131ymetli maden ve m\u00fccevherat al\u0131m sat\u0131m\u0131 ile u\u011fra\u015fanlar;<br>4.&nbsp;&nbsp; &nbsp;Bu Kanunun 94 \u00fcnc\u00fc maddesinin birinci f\u0131kras\u0131nda say\u0131lan ki\u015fi ve kurumlara kar\u015f\u0131 in\u015faat ve onarma i\u015fini taahh\u00fct edenler ile bu m\u00fckelleflere kar\u015f\u0131 derece derece taahh\u00fctte bulunanlar;&nbsp;<br>5.&nbsp;&nbsp; &nbsp;Sigorta prod\u00fckt\u00f6rleri;<br>6.&nbsp;&nbsp; &nbsp;Her t\u00fcrl\u00fc il\u00e2n ve rekl\u00e2m i\u015fleriyle u\u011fra\u015fanlar veya bu i\u015flere tavassut edenler;<br>7. &nbsp; Gayrimenkul ve gemi al\u0131m sat\u0131m\u0131 ile u\u011fra\u015fanlar;<br><br>8.&nbsp;&nbsp; &nbsp;Tavassut i\u015fi yapanlar (day\u0131ba\u015f\u0131lar hari\u00e7);&nbsp;<br><br>9.&nbsp;&nbsp; &nbsp;Maden i\u015fletmeleri, ta\u015f ve kire\u00e7 ocaklar\u0131, kum ve \u00e7ak\u0131l istihsal yerleri, tu\u011fla ve kiremit harmanlar\u0131 i\u015fletenler;&nbsp;<br>10. \u015eehirleraras\u0131 y\u00fck ve yolcu ta\u015f\u0131mac\u0131l\u0131\u011f\u0131 yapanlar ile treyler, \u00e7ekici ve benzerlerinin sahip veya i\u015fleticileri; (Yap\u0131s\u0131 itibariyle s\u00fcr\u00fcc\u00fcs\u00fcnden ba\u015fka on d\u00f6rt ve daha a\u015fa\u011f\u0131 oturma yeri olan ve insan ta\u015f\u0131maya mahsus motorlu kara ta\u015f\u0131tlar\u0131 ile yolcu ta\u015f\u0131yanlar hari\u00e7);<br><br>Ayn\u0131 maddede Cumhurba\u015fkan\u0131\u2019na i\u015f gruplar\u0131, sekt\u00f6rler, il ve il\u00e7eler, b\u00fcy\u00fck\u015fehir belediyeleri dahil olmak \u00fczere il ve il\u00e7elerin belediye s\u0131n\u0131rlar\u0131 (m\u00fccavir alanlar dahil), belediyelerin n\u00fcfuslar\u0131, y\u00f6reler itibariyle veya sabit bir i\u015fyerinde faaliyette bulunulup bulunulmad\u0131\u011f\u0131na g\u00f6re ger\u00e7ek usulde vergilendirilmesi gerekli g\u00f6r\u00fclenlerin belirlenmesi konusunda yetki verilmi\u015ftir.<br><br>Cumhurba\u015fkan\u0131, 10380 say\u0131l\u0131 Karar\u0131 ile (RG: 9\/9\/2025-33012) bu yetkiye dayanarak baz\u0131 m\u00fckellef gruplar\u0131n\u0131 daha basit usul kapsam\u0131ndan \u00e7\u0131karm\u0131\u015ft\u0131r.<br><br>Karara g\u00f6re, B\u00fcy\u00fck\u015fehir belediyesi olan illerde, bir \u00f6nceki takvim y\u0131l\u0131n\u0131n son g\u00fcn\u00fc itibar\u0131yla T\u00fcrkiye \u0130statistik Kurumu taraf\u0131ndan yay\u0131mlanm\u0131\u015f son verilere g\u00f6re n\u00fcfusu 30.000\u2019i ge\u00e7meyen il\u00e7eler hari\u00e7 olmak \u00fczere, a\u015fa\u011f\u0131da belirtilen faaliyetlerde bulunan m\u00fckellefler ger\u00e7ek usulde vergilendirilirler.<br><br>a)&nbsp;&nbsp; &nbsp;Her t\u00fcrl\u00fc emtia imalat\u0131 ile u\u011fra\u015fanlar,<br>b)&nbsp;&nbsp; &nbsp;Her t\u00fcrl\u00fc emtia al\u0131m-sat\u0131m\u0131 ile u\u011fra\u015fanlar (M\u00fcnhas\u0131ran bir i\u015fyeri a\u00e7maks\u0131z\u0131n gezici olarak veya pazar takibi suretiyle perakende emtia al\u0131m-sat\u0131m\u0131 ile u\u011fra\u015fanlar hari\u00e7),<br>c)&nbsp;&nbsp; &nbsp;\u0130n\u015faat ile ilgili her t\u00fcrl\u00fc i\u015flerle u\u011fra\u015fanlar,<br>\u00e7) Motorlu ta\u015f\u0131tlar\u0131n her t\u00fcrl\u00fc bak\u0131m ve onar\u0131m i\u015fleriyle u\u011fra\u015fanlar,<br><br>d)&nbsp;&nbsp; &nbsp;Lokanta ve benzeri hizmet i\u015fletmelerini i\u015fletenler,<br>e)&nbsp;&nbsp; &nbsp;E\u011flence ve istirahat yerlerini i\u015fletenler,<br>f) \u015eehir i\u00e7i yolcu ta\u015f\u0131mac\u0131l\u0131\u011f\u0131 faaliyetinde bulunanlar.<br><br>Bu Karar 1\/1\/2026 tarihinde y\u00fcr\u00fcrl\u00fc\u011fe girecek, yani bu tarihten sonra an\u0131lan faaliyette bulunanlar ger\u00e7ek usulde vergilendirileceklerdir. Yani bunlara tan\u0131nan gelir vergisi istisnas\u0131 son olarak 2025 kazan\u00e7lar\u0131 i\u00e7in uygulanacakt\u0131r. Ayn\u0131 zamanda bu m\u00fckellefleri \/1\/2026 tarihinden sonra yapacaklar\u0131 teslimler ve hizmet ifalar\u0131 KDV ye tabi olacakt\u0131r.<br><br>Sayg\u0131lar\u0131m\u0131zla&nbsp;<br><br>&nbsp;<\/p>\n","protected":false},"excerpt":{"rendered":"<p>BAS\u0130T USULDEN YARARLANANLARIN KAPSAMI DARALTILMI\u015eTIR Gelir Vergisi Kanunu\u2019nun 46. Maddesine g\u00f6re, Kanunun 47 ve 48 inci maddelerde yaz\u0131l\u0131 \u015fartlar\u0131 topluca haiz olanlar\u0131n ticari kazan\u00e7lar\u0131 basit usulde tespit olunur.&nbsp; Bu \u015fartlar\u0131 sa\u011flayan m\u00fckellefler i\u00e7in ticari kazanc\u0131n tespiti ve muhasebesi kolayla\u015ft\u0131r\u0131lm\u0131\u015f bir usule tabi tutulmu\u015ftur. Bunlar i\u00e7in, ticari kazan\u00e7 bir hesap d\u00f6nemi i\u00e7inde elde edilen has\u0131lat ile&#8230;<\/p>\n","protected":false},"author":3,"featured_media":0,"parent":0,"menu_order":0,"comment_status":"closed","ping_status":"closed","template":"","meta":{"_kad_post_transparent":"","_kad_post_title":"","_kad_post_layout":"","_kad_post_sidebar_id":"","_kad_post_content_style":"","_kad_post_vertical_padding":"","_kad_post_feature":"","_kad_post_feature_position":"","_kad_post_header":false,"_kad_post_footer":false,"_kad_post_classname":"","footnotes":""},"_links":{"self":[{"href":"https:\/\/www.arti-fikir.com\/index.php\/wp-json\/wp\/v2\/pages\/1083"}],"collection":[{"href":"https:\/\/www.arti-fikir.com\/index.php\/wp-json\/wp\/v2\/pages"}],"about":[{"href":"https:\/\/www.arti-fikir.com\/index.php\/wp-json\/wp\/v2\/types\/page"}],"author":[{"embeddable":true,"href":"https:\/\/www.arti-fikir.com\/index.php\/wp-json\/wp\/v2\/users\/3"}],"replies":[{"embeddable":true,"href":"https:\/\/www.arti-fikir.com\/index.php\/wp-json\/wp\/v2\/comments?post=1083"}],"version-history":[{"count":1,"href":"https:\/\/www.arti-fikir.com\/index.php\/wp-json\/wp\/v2\/pages\/1083\/revisions"}],"predecessor-version":[{"id":1084,"href":"https:\/\/www.arti-fikir.com\/index.php\/wp-json\/wp\/v2\/pages\/1083\/revisions\/1084"}],"wp:attachment":[{"href":"https:\/\/www.arti-fikir.com\/index.php\/wp-json\/wp\/v2\/media?parent=1083"}],"curies":[{"name":"wp","href":"https:\/\/api.w.org\/{rel}","templated":true}]}}