{"id":974,"date":"2025-10-27T18:36:28","date_gmt":"2025-10-27T18:36:28","guid":{"rendered":"https:\/\/www.arti-fikir.com\/?page_id=974"},"modified":"2025-10-27T18:36:29","modified_gmt":"2025-10-27T18:36:29","slug":"sirkuler-no-2025-10-2025-yili-icin-alkol-ve-alkollu-icki-tesislerine-iliskin-tesis-kurma-izni-bedeli-uretim-izni-ve-proje-tadilat-izni-bedelleri-belirlenmistir","status":"publish","type":"page","link":"https:\/\/www.arti-fikir.com\/index.php\/sirkuler-no-2025-10-2025-yili-icin-alkol-ve-alkollu-icki-tesislerine-iliskin-tesis-kurma-izni-bedeli-uretim-izni-ve-proje-tadilat-izni-bedelleri-belirlenmistir\/","title":{"rendered":"Sirk\u00fcler No: 2025\/10 2025 YILI \u0130\u00c7\u0130N ALKOL VE ALKOLL\u00dc \u0130\u00c7K\u0130 TES\u0130SLER\u0130NE \u0130L\u0130\u015eK\u0130N TES\u0130S KURMA \u0130ZN\u0130 BEDEL\u0130, \u00dcRET\u0130M \u0130ZN\u0130 VE PROJE TAD\u0130LAT \u0130ZN\u0130 BEDELLER\u0130 BEL\u0130RLENM\u0130\u015eT\u0130R"},"content":{"rendered":"\n<p><strong>2025 YILI \u0130\u00c7\u0130N ALKOL VE ALKOLL\u00dc \u0130\u00c7K\u0130 TES\u0130SLER\u0130NE \u0130L\u0130\u015eK\u0130N TES\u0130S KURMA \u0130ZN\u0130 BEDEL\u0130, \u00dcRET\u0130M \u0130ZN\u0130 VE PROJE TAD\u0130LAT \u0130ZN\u0130 BEDELLER\u0130 BEL\u0130RLENM\u0130\u015eT\u0130R<\/strong><\/p>\n\n\n\n<p><strong>Sirk\u00fcler No: 2025\/10<\/strong>&nbsp;<strong>\u0130stanbul, 31.12.2024<\/strong><\/p>\n\n\n\n<p>26\/9\/2002 tarihli ve 24888 say\u0131l\u0131 Resm\u00ee Gazete&#8217;de yay\u0131mlanan Alkol ve Alkoll\u00fc \u0130\u00e7ki Tesislerinin Haiz Olmalar\u0131 Gereken Teknik \u015eartlar, Kurulmalar\u0131, \u0130\u015fletilmeleri ve Denetlenmelerine \u0130li\u015fkin Usul ve Esaslar Hakk\u0131nda Y\u00f6netmeli\u011fin 21 inci maddesi gere\u011fince<sup><\/sup>;&nbsp;2025 y\u0131l\u0131nda, tesis kurma izni, \u00fcretim izni ve proje tadilat izni bedelleri 2024\/49 no.lu Tebli\u011fi ile belirlenmi\u015ftir<sup><\/sup>.&nbsp;Bu Tebli\u011f 1\/1\/2025 tarihinde y\u00fcr\u00fcrl\u00fc\u011fe girer<sup><\/sup>.&nbsp;Tebli\u011f h\u00fck\u00fcmlerini Tar\u0131m ve Orman Bakan\u0131 y\u00fcr\u00fct\u00fcr<sup><\/sup>.<\/p>\n\n\n\n<p>Tebli\u011fe g\u00f6re;&nbsp;2025 y\u0131l\u0131nda, tesis kurma izni, \u00fcretim izni ve proje tadilat izni bedelleri a\u015fa\u011f\u0131daki \u015fekilde belirlenmi\u015ftir<sup><\/sup>:<\/p>\n\n\n\n<p><strong>a) Tesis Kurma \u0130zni Bedeli:<\/strong><\/p>\n\n\n\n<ul>\n<li><strong>Maktu Bedeller:<\/strong>\n<ul>\n<li>Bira i\u00e7in en az\u00a0<strong>102.154 TL<\/strong>\u00a0(Y\u00fczikibiny\u00fczellid\u00f6rt T\u00fcrk Liras\u0131).<\/li>\n\n\n\n<li>\u015earap ve aromatize \u015farap i\u00e7in:\n<ul>\n<li>20.000 litre\/y\u0131l veya daha az kapasitede en az\u00a0<strong>27.231 TL<\/strong>\u00a0(Yirmiyedibinikiy\u00fczotuzbir T\u00fcrk Liras\u0131).<\/li>\n\n\n\n<li>20.000 litre\/y\u0131l&#8217;dan daha fazla kapasitede en az\u00a0<strong>68.094 TL<\/strong>\u00a0(Altm\u0131\u015fsekizbindoksand\u00f6rt T\u00fcrk Liras\u0131).<\/li>\n<\/ul>\n<\/li>\n\n\n\n<li>Aromatize \u015farap bazl\u0131 i\u00e7ki ve aromatize \u015farap kokteyli i\u00e7in en az\u00a0<strong>340.500 TL<\/strong>\u00a0(\u00dc\u00e7y\u00fczk\u0131rkbinbe\u015fy\u00fcz T\u00fcrk Liras\u0131)&#8217;dir.<\/li>\n<\/ul>\n<\/li>\n\n\n\n<li><strong>Proje Kapasitesi \u00dczerinden Y\u0131ll\u0131k Beher Bin Litre Ba\u015f\u0131na Hesaplanan Bedeller:<\/strong>\n<ul>\n<li>Bira i\u00e7in\u00a0<strong>102,07 TL<\/strong>\u00a0(Y\u00fcziki T\u00fcrk Liras\u0131 yedi kuru\u015f).<\/li>\n\n\n\n<li>\u015earap ve aromatize \u015farap i\u00e7in\u00a0<strong>170,15 TL<\/strong>\u00a0(Y\u00fczyetmi\u015f T\u00fcrk Liras\u0131 onbe\u015f kuru\u015f).<\/li>\n\n\n\n<li>Aromatize \u015farap bazl\u0131 i\u00e7ki ve aromatize \u015farap kokteyli i\u00e7in\u00a0<strong>547,94 TL<\/strong>\u00a0(Be\u015fy\u00fczk\u0131rkyedi T\u00fcrk Liras\u0131 doksand\u00f6rt kuru\u015f).<\/li>\n\n\n\n<li>Distile alkoll\u00fc i\u00e7kiler i\u00e7in\u00a0<strong>1.157,58 TL<\/strong>\u00a0(Biny\u00fczelliyedi T\u00fcrk Liras\u0131 ellisekiz kuru\u015f) olarak hesaplan\u0131r.<\/li>\n\n\n\n<li>Ba\u015fvuru s\u0131ras\u0131nda hesaplanan bedelin d\u00f6rtte biri, tesis kurma izin belgesi verilirken bakiyesi tahsil edilir.<\/li>\n<\/ul>\n<\/li>\n<\/ul>\n\n\n\n<p><strong>Sayfa 2<\/strong>&nbsp;<strong>ARTI F\u0130K\u0130R<\/strong>&nbsp;<strong><a target=\"_blank\" rel=\"noreferrer noopener\" href=\"https:\/\/www.arti-fikir.com\/\">www.arti-fikir.com<\/a><\/strong><\/p>\n\n\n\n<p><strong>b) \u00dcretim \u0130zni Maktu Bedeli:<\/strong><\/p>\n\n\n\n<ul>\n<li>Bira i\u00e7in en az\u00a0<strong>102.154 TL<\/strong>\u00a0(Y\u00fczikibiny\u00fczellid\u00f6rt T\u00fcrk Liras\u0131).<\/li>\n\n\n\n<li>\u015earap ve aromatize \u015farap i\u00e7in:\n<ul>\n<li>20.000 litre\/y\u0131l veya daha az kapasitede en az\u00a0<strong>27.231 TL<\/strong>\u00a0(Yirmiyedibinikiy\u00fczotuzbir T\u00fcrk Liras\u0131).<\/li>\n\n\n\n<li>20.000 litre\/y\u0131l&#8217;dan daha fazla kapasitede en az\u00a0<strong>68.094 TL<\/strong>\u00a0(Altm\u0131\u015fsekizbindoksand\u00f6rt T\u00fcrk Liras\u0131).<\/li>\n<\/ul>\n<\/li>\n\n\n\n<li>Aromatize \u015farap bazl\u0131 i\u00e7ki ve aromatize \u015farap kokteyli i\u00e7in en az\u00a0<strong>340.500 TL<\/strong>\u00a0(\u00dc\u00e7y\u00fczk\u0131rkbinbe\u015fy\u00fcz T\u00fcrk Liras\u0131)&#8217;dir.<\/li>\n\n\n\n<li>\u00dcretim izin bedeli, kendi projesine ait tesis kurma izin bedeli kadar hesaplan\u0131r.<\/li>\n<\/ul>\n\n\n\n<p><strong>Proje Tadilat\u0131 \u0130zin Bedeli:<\/strong><\/p>\n\n\n\n<ul>\n<li>Mevcut \u00fcretime ayn\u0131 kategori i\u00e7inde bir alt kategori eklenmesinde ve kapasite art\u0131r\u0131m\u0131nda, y\u0131ll\u0131k bin litre \u00fczerinden aromal\u0131 bira, yar\u0131 k\u00f6p\u00fcren \u015farap (2204.21.\u00a0ve\u00a02204.29.&#8217;da yer alan), meyve \u015farab\u0131 hari\u00e7 tesis kurma izin bedelinin iki kat\u0131 \u015feklinde hesaplan\u0131p izin verilmeden \u00f6nce tahsil edilir.<\/li>\n\n\n\n<li>Bira tesislerinde; aromal\u0131 bira \u00fcretimi i\u00e7in en az\u00a0<strong>204.310 TL<\/strong>\u00a0(\u0130kiy\u00fczd\u00f6rtbin\u00fc\u00e7y\u00fczon T\u00fcrk Liras\u0131) maktu olmak \u00fczere, proje kapasitesi \u00fczerinden y\u0131ll\u0131k beher bin litre ba\u015f\u0131na\u00a0<strong>547,94 TL<\/strong>\u00a0(Be\u015fy\u00fczk\u0131rkyedi T\u00fcrk Liras\u0131 doksand\u00f6rt kuru\u015f) proje tadilat izni bedeli al\u0131n\u0131r.<\/li>\n\n\n\n<li>\u015earap tesislerinde; yar\u0131 k\u00f6p\u00fcren \u015farap (2204.21.\u00a0ve\u00a02204.29.&#8217;da yer alan), meyve \u015farab\u0131 \u00fcretimi i\u00e7in ayr\u0131 ayr\u0131 en az\u00a0<strong>340.500 TL<\/strong>\u00a0(\u00dc\u00e7y\u00fczk\u0131rkbinbe\u015fy\u00fcz T\u00fcrk Liras\u0131) maktu olmak \u00fczere, proje kapasitesi \u00fczerinden y\u0131ll\u0131k beher bin litre ba\u015f\u0131na\u00a0<strong>547,94 TL<\/strong>\u00a0(Be\u015fy\u00fczk\u0131rkyedi T\u00fcrk Liras\u0131 doksand\u00f6rt kuru\u015f) proje tadilat izni bedeli al\u0131n\u0131r.<\/li>\n<\/ul>\n\n\n\n<p><strong>Sayg\u0131lar\u0131m\u0131zla<\/strong><\/p>\n","protected":false},"excerpt":{"rendered":"<p>2025 YILI \u0130\u00c7\u0130N ALKOL VE ALKOLL\u00dc \u0130\u00c7K\u0130 TES\u0130SLER\u0130NE \u0130L\u0130\u015eK\u0130N TES\u0130S KURMA \u0130ZN\u0130 BEDEL\u0130, \u00dcRET\u0130M \u0130ZN\u0130 VE PROJE TAD\u0130LAT \u0130ZN\u0130 BEDELLER\u0130 BEL\u0130RLENM\u0130\u015eT\u0130R Sirk\u00fcler No: 2025\/10&nbsp;\u0130stanbul, 31.12.2024 26\/9\/2002 tarihli ve 24888 say\u0131l\u0131 Resm\u00ee Gazete&#8217;de yay\u0131mlanan Alkol ve Alkoll\u00fc \u0130\u00e7ki Tesislerinin Haiz Olmalar\u0131 Gereken Teknik \u015eartlar, Kurulmalar\u0131, \u0130\u015fletilmeleri ve Denetlenmelerine \u0130li\u015fkin Usul ve Esaslar Hakk\u0131nda Y\u00f6netmeli\u011fin 21 inci&#8230;<\/p>\n","protected":false},"author":3,"featured_media":0,"parent":0,"menu_order":0,"comment_status":"closed","ping_status":"closed","template":"","meta":{"_kad_post_transparent":"","_kad_post_title":"","_kad_post_layout":"","_kad_post_sidebar_id":"","_kad_post_content_style":"","_kad_post_vertical_padding":"","_kad_post_feature":"","_kad_post_feature_position":"","_kad_post_header":false,"_kad_post_footer":false,"_kad_post_classname":"","footnotes":""},"_links":{"self":[{"href":"https:\/\/www.arti-fikir.com\/index.php\/wp-json\/wp\/v2\/pages\/974"}],"collection":[{"href":"https:\/\/www.arti-fikir.com\/index.php\/wp-json\/wp\/v2\/pages"}],"about":[{"href":"https:\/\/www.arti-fikir.com\/index.php\/wp-json\/wp\/v2\/types\/page"}],"author":[{"embeddable":true,"href":"https:\/\/www.arti-fikir.com\/index.php\/wp-json\/wp\/v2\/users\/3"}],"replies":[{"embeddable":true,"href":"https:\/\/www.arti-fikir.com\/index.php\/wp-json\/wp\/v2\/comments?post=974"}],"version-history":[{"count":1,"href":"https:\/\/www.arti-fikir.com\/index.php\/wp-json\/wp\/v2\/pages\/974\/revisions"}],"predecessor-version":[{"id":975,"href":"https:\/\/www.arti-fikir.com\/index.php\/wp-json\/wp\/v2\/pages\/974\/revisions\/975"}],"wp:attachment":[{"href":"https:\/\/www.arti-fikir.com\/index.php\/wp-json\/wp\/v2\/media?parent=974"}],"curies":[{"name":"wp","href":"https:\/\/api.w.org\/{rel}","templated":true}]}}